{"id":103,"date":"2020-06-15T05:17:31","date_gmt":"2020-06-15T05:17:31","guid":{"rendered":"https:\/\/www.startechup.com\/?page_id=103"},"modified":"2022-09-20T04:36:17","modified_gmt":"2022-09-20T04:36:17","slug":"technologies","status":"publish","type":"page","link":"https:\/\/www.startechup.com\/es\/technologies\/","title":{"rendered":"Tecnolog\u00edas"},"content":{"rendered":"","protected":false},"excerpt":{"rendered":"","protected":false},"author":3,"featured_media":0,"parent":0,"menu_order":0,"comment_status":"closed","ping_status":"closed","template":"templates\/template-technologies.php","meta":{"content-type":""},"acf":[],"featured_image_urls_v2":{"full":"","thumbnail":"","medium":"","medium_large":"","large":"","1536x1536":"","2048x2048":"","trp-custom-language-flag":"","post-thumbnail":"","twentytwenty-fullscreen":""},"post_excerpt_stackable_v2":"","category_list_v2":"","author_info_v2":{"name":"Baptiste Leroux","url":"https:\/\/www.startechup.com\/es\/blog\/author\/bleroux\/"},"comments_num_v2":"0 comentarios","yoast_head":"<!-- This site is optimized with the Yoast SEO Premium plugin v20.5 (Yoast SEO v21.8.1) - https:\/\/yoast.com\/wordpress\/plugins\/seo\/ -->\n<title>Software Development Technologies we use for digital projects<\/title>\n<meta name=\"description\" content=\"Develop projects using the latest software development technologies in web development, mobile application development, servers and databases\" \/>\n<meta name=\"robots\" content=\"index, follow, max-snippet:-1, max-image-preview:large, max-video-preview:-1\" \/>\n<link rel=\"canonical\" href=\"https:\/\/www.startechup.com\/es\/technologies\/\" \/>\n<meta property=\"og:locale\" content=\"es_ES\" \/>\n<meta property=\"og:type\" content=\"article\" \/>\n<meta property=\"og:title\" content=\"Technologies\" \/>\n<meta property=\"og:description\" content=\"Develop projects using the latest software development technologies in web development, mobile application development, servers and databases\" \/>\n<meta property=\"og:url\" content=\"https:\/\/www.startechup.com\/es\/technologies\/\" \/>\n<meta property=\"og:site_name\" content=\"Startechup Inc\" \/>\n<meta property=\"article:publisher\" content=\"https:\/\/www.facebook.com\/startechup\/\" \/>\n<meta property=\"article:modified_time\" content=\"2022-09-20T04:36:17+00:00\" \/>\n<meta property=\"og:image\" content=\"https:\/\/www.startechup.com\/wp-content\/uploads\/featured-image-startechup_technologies_minimized.jpg\" \/>\n\t<meta property=\"og:image:width\" content=\"1201\" \/>\n\t<meta property=\"og:image:height\" content=\"628\" \/>\n\t<meta property=\"og:image:type\" content=\"image\/jpeg\" \/>\n<meta name=\"twitter:card\" content=\"summary_large_image\" \/>\n<meta name=\"twitter:site\" content=\"@startechup\" \/>\n<script type=\"application\/ld+json\" class=\"yoast-schema-graph\">{\"@context\":\"https:\/\/schema.org\",\"@graph\":[{\"@type\":\"WebPage\",\"@id\":\"https:\/\/www.startechup.com\/en_au\/technologies\/\",\"url\":\"https:\/\/www.startechup.com\/en_au\/technologies\/\",\"name\":\"Software Development Technologies we use for digital projects\",\"isPartOf\":{\"@id\":\"https:\/\/www.startechup.com\/#website\"},\"datePublished\":\"2020-06-15T05:17:31+00:00\",\"dateModified\":\"2022-09-20T04:36:17+00:00\",\"description\":\"Develop projects using the latest software development technologies in web development, mobile application development, servers and databases\",\"breadcrumb\":{\"@id\":\"https:\/\/www.startechup.com\/en_au\/technologies\/#breadcrumb\"},\"inLanguage\":\"es\",\"potentialAction\":[{\"@type\":\"ReadAction\",\"target\":[\"https:\/\/www.startechup.com\/en_au\/technologies\/\"]}]},{\"@type\":\"BreadcrumbList\",\"@id\":\"https:\/\/www.startechup.com\/en_au\/technologies\/#breadcrumb\",\"itemListElement\":[{\"@type\":\"ListItem\",\"position\":1,\"name\":\"Home\",\"item\":\"https:\/\/www.startechup.com\/\"},{\"@type\":\"ListItem\",\"position\":2,\"name\":\"Technologies\"}]},{\"@type\":\"WebSite\",\"@id\":\"https:\/\/www.startechup.com\/#website\",\"url\":\"https:\/\/www.startechup.com\/\",\"name\":\"Startechup Inc\",\"description\":\"Startechup Inc.\",\"publisher\":{\"@id\":\"https:\/\/www.startechup.com\/#organization\"},\"potentialAction\":[{\"@type\":\"SearchAction\",\"target\":{\"@type\":\"EntryPoint\",\"urlTemplate\":\"https:\/\/www.startechup.com\/?s={search_term_string}\"},\"query-input\":\"required name=search_term_string\"}],\"inLanguage\":\"es\"},{\"@type\":\"Organization\",\"@id\":\"https:\/\/www.startechup.com\/#organization\",\"name\":\"Startechup\",\"url\":\"https:\/\/www.startechup.com\/\",\"logo\":{\"@type\":\"ImageObject\",\"inLanguage\":\"es\",\"@id\":\"https:\/\/www.startechup.com\/#\/schema\/logo\/image\/\",\"url\":\"https:\/\/www.startechup.com\/wp-content\/uploads\/startechup-logo-blue-red-transparent.svg\",\"contentUrl\":\"https:\/\/www.startechup.com\/wp-content\/uploads\/startechup-logo-blue-red-transparent.svg\",\"width\":181,\"height\":28,\"caption\":\"Startechup\"},\"image\":{\"@id\":\"https:\/\/www.startechup.com\/#\/schema\/logo\/image\/\"},\"sameAs\":[\"https:\/\/www.facebook.com\/startechup\/\",\"https:\/\/twitter.com\/startechup\",\"https:\/\/www.linkedin.com\/company\/startechup\",\"https:\/\/www.youtube.com\/channel\/UC_4XR4imvk28kEPt9gyhZ4g\"]}]}<\/script>\n<!-- \/ Yoast SEO Premium plugin. -->","yoast_head_json":{"title":"Tecnolog\u00edas de desarrollo de software utilizadas para los proyectos","description":"Desarrollar proyectos utilizando las \u00faltimas tecnolog\u00edas de desarrollo de software en desarrollo web, desarrollo de aplicaciones m\u00f3viles, servidores y bases de datos","robots":{"index":"index","follow":"follow","max-snippet":"max-snippet:-1","max-image-preview":"max-image-preview:large","max-video-preview":"max-video-preview:-1"},"canonical":"https:\/\/www.startechup.com\/es\/technologies\/","og_locale":"es_ES","og_type":"article","og_title":"Technologies","og_description":"Develop projects using the latest software development technologies in web development, mobile application development, servers and databases","og_url":"https:\/\/www.startechup.com\/es\/technologies\/","og_site_name":"Startechup Inc","article_publisher":"https:\/\/www.facebook.com\/startechup\/","article_modified_time":"2022-09-20T04:36:17+00:00","og_image":[{"width":1201,"height":628,"url":"https:\/\/www.startechup.com\/wp-content\/uploads\/featured-image-startechup_technologies_minimized.jpg","type":"image\/jpeg"}],"twitter_card":"summary_large_image","twitter_site":"@startechup","schema":{"@context":"https:\/\/schema.org","@graph":[{"@type":"WebPage","@id":"https:\/\/www.startechup.com\/en_au\/technologies\/","url":"https:\/\/www.startechup.com\/en_au\/technologies\/","name":"Tecnolog\u00edas de desarrollo de software utilizadas para los proyectos","isPartOf":{"@id":"https:\/\/www.startechup.com\/#website"},"datePublished":"2020-06-15T05:17:31+00:00","dateModified":"2022-09-20T04:36:17+00:00","description":"Desarrollar proyectos utilizando las \u00faltimas tecnolog\u00edas de desarrollo de software en desarrollo web, desarrollo de aplicaciones m\u00f3viles, servidores y bases de datos","breadcrumb":{"@id":"https:\/\/www.startechup.com\/en_au\/technologies\/#breadcrumb"},"inLanguage":"es","potentialAction":[{"@type":"ReadAction","target":["https:\/\/www.startechup.com\/en_au\/technologies\/"]}]},{"@type":"BreadcrumbList","@id":"https:\/\/www.startechup.com\/en_au\/technologies\/#breadcrumb","itemListElement":[{"@type":"ListItem","position":1,"name":"Home","item":"https:\/\/www.startechup.com\/"},{"@type":"ListItem","position":2,"name":"Technologies"}]},{"@type":"WebSite","@id":"https:\/\/www.startechup.com\/#website","url":"https:\/\/www.startechup.com\/","name":"Startechup Inc.","description":"Startechup Inc.","publisher":{"@id":"https:\/\/www.startechup.com\/#organization"},"potentialAction":[{"@type":"SearchAction","target":{"@type":"EntryPoint","urlTemplate":"https:\/\/www.startechup.com\/?s={search_term_string}"},"query-input":"required name=search_term_string"}],"inLanguage":"es"},{"@type":"Organization","@id":"https:\/\/www.startechup.com\/#organization","name":"Startechup","url":"https:\/\/www.startechup.com\/","logo":{"@type":"ImageObject","inLanguage":"es","@id":"https:\/\/www.startechup.com\/#\/schema\/logo\/image\/","url":"https:\/\/www.startechup.com\/wp-content\/uploads\/startechup-logo-blue-red-transparent.svg","contentUrl":"https:\/\/www.startechup.com\/wp-content\/uploads\/startechup-logo-blue-red-transparent.svg","width":181,"height":28,"caption":"Startechup"},"image":{"@id":"https:\/\/www.startechup.com\/#\/schema\/logo\/image\/"},"sameAs":["https:\/\/www.facebook.com\/startechup\/","https:\/\/twitter.com\/startechup","https:\/\/www.linkedin.com\/company\/startechup","https:\/\/www.youtube.com\/channel\/UC_4XR4imvk28kEPt9gyhZ4g"]}]}},"_links":{"self":[{"href":"https:\/\/www.startechup.com\/es\/wp-json\/wp\/v2\/pages\/103"}],"collection":[{"href":"https:\/\/www.startechup.com\/es\/wp-json\/wp\/v2\/pages"}],"about":[{"href":"https:\/\/www.startechup.com\/es\/wp-json\/wp\/v2\/types\/page"}],"author":[{"embeddable":true,"href":"https:\/\/www.startechup.com\/es\/wp-json\/wp\/v2\/users\/3"}],"replies":[{"embeddable":true,"href":"https:\/\/www.startechup.com\/es\/wp-json\/wp\/v2\/comments?post=103"}],"version-history":[{"count":2,"href":"https:\/\/www.startechup.com\/es\/wp-json\/wp\/v2\/pages\/103\/revisions"}],"predecessor-version":[{"id":8167,"href":"https:\/\/www.startechup.com\/es\/wp-json\/wp\/v2\/pages\/103\/revisions\/8167"}],"wp:attachment":[{"href":"https:\/\/www.startechup.com\/es\/wp-json\/wp\/v2\/media?parent=103"}],"curies":[{"name":"wp","href":"https:\/\/api.w.org\/{rel}","templated":true}]}}