{"id":2508,"date":"2020-07-31T11:20:14","date_gmt":"2020-07-31T11:20:14","guid":{"rendered":"https:\/\/www.startechup.com\/?page_id=2508"},"modified":"2020-08-14T04:47:17","modified_gmt":"2020-08-14T04:47:17","slug":"technical","status":"publish","type":"page","link":"https:\/\/www.startechup.com\/es\/blog\/technical\/","title":{"rendered":"T\u00e9cnico"},"content":{"rendered":"","protected":false},"excerpt":{"rendered":"","protected":false},"author":6,"featured_media":0,"parent":75,"menu_order":0,"comment_status":"closed","ping_status":"closed","template":"templates\/template-blog-category.php","meta":{"content-type":""},"acf":[],"featured_image_urls_v2":{"full":"","thumbnail":"","medium":"","medium_large":"","large":"","1536x1536":"","2048x2048":"","trp-custom-language-flag":"","post-thumbnail":"","twentytwenty-fullscreen":""},"post_excerpt_stackable_v2":"","category_list_v2":"","author_info_v2":{"name":"Blesselle Alemana","url":"https:\/\/www.startechup.com\/es\/blog\/author\/balemana\/"},"comments_num_v2":"0 comentarios","yoast_head":"<!-- This site is optimized with the Yoast SEO Premium plugin v20.5 (Yoast SEO v21.8.1) - https:\/\/yoast.com\/wordpress\/plugins\/seo\/ -->\n<title>Technical Hub: Up-to-date Programming Technologies and Tools<\/title>\n<meta name=\"description\" content=\"A discussion on proficiency and usability of some tools related to the technological advancement in software development and execution.\" \/>\n<meta name=\"robots\" content=\"index, follow, max-snippet:-1, max-image-preview:large, max-video-preview:-1\" \/>\n<link rel=\"canonical\" href=\"https:\/\/www.startechup.com\/es\/blog\/technical\/\" \/>\n<meta property=\"og:locale\" content=\"es_ES\" \/>\n<meta property=\"og:type\" content=\"article\" \/>\n<meta property=\"og:title\" content=\"Technical\" \/>\n<meta property=\"og:description\" content=\"A discussion on proficiency and usability of some tools related to the technological advancement in software development and execution.\" \/>\n<meta property=\"og:url\" content=\"https:\/\/www.startechup.com\/es\/blog\/technical\/\" \/>\n<meta property=\"og:site_name\" content=\"Startechup Inc\" \/>\n<meta property=\"article:publisher\" content=\"https:\/\/www.facebook.com\/startechup\/\" \/>\n<meta property=\"article:modified_time\" content=\"2020-08-14T04:47:17+00:00\" \/>\n<meta name=\"twitter:card\" content=\"summary_large_image\" \/>\n<meta name=\"twitter:site\" content=\"@startechup\" \/>\n<script type=\"application\/ld+json\" class=\"yoast-schema-graph\">{\"@context\":\"https:\/\/schema.org\",\"@graph\":[{\"@type\":\"WebPage\",\"@id\":\"https:\/\/www.startechup.com\/es\/blog\/technical\/\",\"url\":\"https:\/\/www.startechup.com\/es\/blog\/technical\/\",\"name\":\"Technical Hub: Up-to-date Programming Technologies and Tools\",\"isPartOf\":{\"@id\":\"https:\/\/www.startechup.com\/#website\"},\"datePublished\":\"2020-07-31T11:20:14+00:00\",\"dateModified\":\"2020-08-14T04:47:17+00:00\",\"description\":\"A discussion on proficiency and usability of some tools related to the technological advancement in software development and execution.\",\"breadcrumb\":{\"@id\":\"https:\/\/www.startechup.com\/es\/blog\/technical\/#breadcrumb\"},\"inLanguage\":\"es\",\"potentialAction\":[{\"@type\":\"ReadAction\",\"target\":[\"https:\/\/www.startechup.com\/es\/blog\/technical\/\"]}]},{\"@type\":\"BreadcrumbList\",\"@id\":\"https:\/\/www.startechup.com\/es\/blog\/technical\/#breadcrumb\",\"itemListElement\":[{\"@type\":\"ListItem\",\"position\":1,\"name\":\"Home\",\"item\":\"https:\/\/www.startechup.com\/\"},{\"@type\":\"ListItem\",\"position\":2,\"name\":\"Blog\",\"item\":\"https:\/\/www.startechup.com\/blog\/\"},{\"@type\":\"ListItem\",\"position\":3,\"name\":\"Technical\"}]},{\"@type\":\"WebSite\",\"@id\":\"https:\/\/www.startechup.com\/#website\",\"url\":\"https:\/\/www.startechup.com\/\",\"name\":\"Startechup Inc\",\"description\":\"Startechup Inc.\",\"publisher\":{\"@id\":\"https:\/\/www.startechup.com\/#organization\"},\"potentialAction\":[{\"@type\":\"SearchAction\",\"target\":{\"@type\":\"EntryPoint\",\"urlTemplate\":\"https:\/\/www.startechup.com\/?s={search_term_string}\"},\"query-input\":\"required name=search_term_string\"}],\"inLanguage\":\"es\"},{\"@type\":\"Organization\",\"@id\":\"https:\/\/www.startechup.com\/#organization\",\"name\":\"Startechup\",\"url\":\"https:\/\/www.startechup.com\/\",\"logo\":{\"@type\":\"ImageObject\",\"inLanguage\":\"es\",\"@id\":\"https:\/\/www.startechup.com\/#\/schema\/logo\/image\/\",\"url\":\"https:\/\/www.startechup.com\/wp-content\/uploads\/startechup-logo-blue-red-transparent.svg\",\"contentUrl\":\"https:\/\/www.startechup.com\/wp-content\/uploads\/startechup-logo-blue-red-transparent.svg\",\"width\":181,\"height\":28,\"caption\":\"Startechup\"},\"image\":{\"@id\":\"https:\/\/www.startechup.com\/#\/schema\/logo\/image\/\"},\"sameAs\":[\"https:\/\/www.facebook.com\/startechup\/\",\"https:\/\/twitter.com\/startechup\",\"https:\/\/www.linkedin.com\/company\/startechup\",\"https:\/\/www.youtube.com\/channel\/UC_4XR4imvk28kEPt9gyhZ4g\"]}]}<\/script>\n<!-- \/ Yoast SEO Premium plugin. -->","yoast_head_json":{"title":"Centro T\u00e9cnico: Tecnolog\u00edas y Herramientas de Programaci\u00f3n Actualizadas","description":"Un debate sobre el dominio y la usabilidad de algunas herramientas relacionadas con el avance tecnol\u00f3gico en el desarrollo y la ejecuci\u00f3n de software.","robots":{"index":"index","follow":"follow","max-snippet":"max-snippet:-1","max-image-preview":"max-image-preview:large","max-video-preview":"max-video-preview:-1"},"canonical":"https:\/\/www.startechup.com\/es\/blog\/technical\/","og_locale":"es_ES","og_type":"article","og_title":"Technical","og_description":"A discussion on proficiency and usability of some tools related to the technological advancement in software development and execution.","og_url":"https:\/\/www.startechup.com\/es\/blog\/technical\/","og_site_name":"Startechup Inc","article_publisher":"https:\/\/www.facebook.com\/startechup\/","article_modified_time":"2020-08-14T04:47:17+00:00","twitter_card":"summary_large_image","twitter_site":"@startechup","schema":{"@context":"https:\/\/schema.org","@graph":[{"@type":"WebPage","@id":"https:\/\/www.startechup.com\/es\/blog\/technical\/","url":"https:\/\/www.startechup.com\/es\/blog\/technical\/","name":"Centro T\u00e9cnico: Tecnolog\u00edas y Herramientas de Programaci\u00f3n Actualizadas","isPartOf":{"@id":"https:\/\/www.startechup.com\/#website"},"datePublished":"2020-07-31T11:20:14+00:00","dateModified":"2020-08-14T04:47:17+00:00","description":"Un debate sobre el dominio y la usabilidad de algunas herramientas relacionadas con el avance tecnol\u00f3gico en el desarrollo y la ejecuci\u00f3n de software.","breadcrumb":{"@id":"https:\/\/www.startechup.com\/es\/blog\/technical\/#breadcrumb"},"inLanguage":"es","potentialAction":[{"@type":"ReadAction","target":["https:\/\/www.startechup.com\/es\/blog\/technical\/"]}]},{"@type":"BreadcrumbList","@id":"https:\/\/www.startechup.com\/es\/blog\/technical\/#breadcrumb","itemListElement":[{"@type":"ListItem","position":1,"name":"Home","item":"https:\/\/www.startechup.com\/"},{"@type":"ListItem","position":2,"name":"Blog","item":"https:\/\/www.startechup.com\/blog\/"},{"@type":"ListItem","position":3,"name":"Technical"}]},{"@type":"WebSite","@id":"https:\/\/www.startechup.com\/#website","url":"https:\/\/www.startechup.com\/","name":"Startechup Inc.","description":"Startechup Inc.","publisher":{"@id":"https:\/\/www.startechup.com\/#organization"},"potentialAction":[{"@type":"SearchAction","target":{"@type":"EntryPoint","urlTemplate":"https:\/\/www.startechup.com\/?s={search_term_string}"},"query-input":"required name=search_term_string"}],"inLanguage":"es"},{"@type":"Organization","@id":"https:\/\/www.startechup.com\/#organization","name":"Startechup","url":"https:\/\/www.startechup.com\/","logo":{"@type":"ImageObject","inLanguage":"es","@id":"https:\/\/www.startechup.com\/#\/schema\/logo\/image\/","url":"https:\/\/www.startechup.com\/wp-content\/uploads\/startechup-logo-blue-red-transparent.svg","contentUrl":"https:\/\/www.startechup.com\/wp-content\/uploads\/startechup-logo-blue-red-transparent.svg","width":181,"height":28,"caption":"Startechup"},"image":{"@id":"https:\/\/www.startechup.com\/#\/schema\/logo\/image\/"},"sameAs":["https:\/\/www.facebook.com\/startechup\/","https:\/\/twitter.com\/startechup","https:\/\/www.linkedin.com\/company\/startechup","https:\/\/www.youtube.com\/channel\/UC_4XR4imvk28kEPt9gyhZ4g"]}]}},"_links":{"self":[{"href":"https:\/\/www.startechup.com\/es\/wp-json\/wp\/v2\/pages\/2508"}],"collection":[{"href":"https:\/\/www.startechup.com\/es\/wp-json\/wp\/v2\/pages"}],"about":[{"href":"https:\/\/www.startechup.com\/es\/wp-json\/wp\/v2\/types\/page"}],"author":[{"embeddable":true,"href":"https:\/\/www.startechup.com\/es\/wp-json\/wp\/v2\/users\/6"}],"replies":[{"embeddable":true,"href":"https:\/\/www.startechup.com\/es\/wp-json\/wp\/v2\/comments?post=2508"}],"version-history":[{"count":0,"href":"https:\/\/www.startechup.com\/es\/wp-json\/wp\/v2\/pages\/2508\/revisions"}],"up":[{"embeddable":true,"href":"https:\/\/www.startechup.com\/es\/wp-json\/wp\/v2\/pages\/75"}],"wp:attachment":[{"href":"https:\/\/www.startechup.com\/es\/wp-json\/wp\/v2\/media?parent=2508"}],"curies":[{"name":"wp","href":"https:\/\/api.w.org\/{rel}","templated":true}]}}