{"id":2713,"date":"2020-08-07T06:38:45","date_gmt":"2020-08-07T06:38:45","guid":{"rendered":"https:\/\/www.startechup.com\/?page_id=2713"},"modified":"2022-10-12T08:08:46","modified_gmt":"2022-10-12T08:08:46","slug":"team-and-client-review","status":"publish","type":"page","link":"https:\/\/www.startechup.com\/es\/about-startechup\/team-and-client-review\/","title":{"rendered":"Rese\u00f1as del Equipo y los Clientes"},"content":{"rendered":"<div class=\"n2_clear\"><ss3-force-full-width data-overflow-x=\"body\" data-horizontal-selector=\"body\"><div class=\"n2-section-smartslider fitvidsignore  n2_clear\" data-ssid=\"31\" tabindex=\"0\" role=\"region\" aria-label=\"Slider\"><div id=\"n2-ss-31-align\" class=\"n2-ss-align\"><div class=\"n2-padding\"><div id=\"n2-ss-31\" data-creator=\"Smart Slider 3\" data-responsive=\"fullwidth\" class=\"n2-ss-slider n2-ow n2-has-hover n2notransition\">\n        <div class=\"n2-ss-slider-1 n2-ow\">\n            <div class=\"n2-ss-slider-2 n2-ow\">\n                <div class=\"n2-ss-slide-backgrounds n2-ow-all\"><div class=\"n2-ss-slide-background\" data-public-id=\"1\" data-mode=\"fill\"><div class=\"n2-ss-slide-background-image\" data-blur=\"0\" data-opacity=\"100\" data-x=\"61\" data-y=\"21\" data-alt=\"Jumbo img startechup our team project reviews\" data-title=\"\" style=\"--ss-o-pos-x:61%;--ss-o-pos-y:21%\"><picture class=\"skip-lazy\" data-skip-lazy=\"1\"><img decoding=\"async\" src=\"\/\/www.startechup.com\/wp-content\/uploads\/startechup-jumbo-bckgnd-our-team-client-reviews-porfolio-updraft-pre-smush-original.jpg\" alt=\"Jumbo img startechup nuestro equipo proyecto revisiones\" title=\"\" loading=\"lazy\" class=\"skip-lazy\" data-skip-lazy=\"1\"><\/picture><\/div><div data-color=\"RGBA(255,255,255,0)\" style=\"background-color: RGBA(255,255,255,0);\" class=\"n2-ss-slide-background-color\"><\/div><\/div><\/div>                <div class=\"n2-ss-slider-3 n2-ow\">\n                    <svg xmlns=\"http:\/\/www.w3.org\/2000\/svg\" viewbox=\"0 0 1080 600\" data-related-device=\"desktopPortrait\" class=\"n2-ow n2-ss-preserve-size n2-ss-preserve-size--slider n2-ss-slide-limiter\"><\/svg><div data-first=\"1\" data-slide-duration=\"0\" data-id=\"63\" data-slide-public-id=\"1\" data-title=\"startechup-jumbo-bckgnd-our-team-client-reviews-porfolio\" class=\"n2-ss-slide n2-ow  n2-ss-slide-63\"><div role=\"note\" class=\"n2-ss-slide--focus\" tabindex=\"-1\">startechup-jumbo-bckgnd-nuestro-equipo-cliente-revisiones-porfolio<\/div><div class=\"n2-ss-layers-container n2-ss-slide-limiter n2-ow\"><div class=\"n2-ss-layer n2-ow n-uc-sVbTo0JPxBSt\" data-sstype=\"slide\" data-pm=\"default\"><div class=\"n2-ss-layer n2-ow n-uc-184fcde7cbf0a\" data-pm=\"default\" data-sstype=\"content\" data-hasbackground=\"0\"><div class=\"n2-ss-section-main-content n2-ss-layer-with-background n2-ss-layer-content n2-ow n-uc-184fcde7cbf0a-inner\"><div class=\"n2-ss-layer n2-ow n-uc-18bfLaTCYCkD\" data-pm=\"normal\" data-hidemobilelandscape=\"1\" data-hidemobileportrait=\"1\" data-sstype=\"layer\"><div class=\"n2-ss-item-image-content n2-ss-item-content n2-ow-all\"><picture class=\"skip-lazy\" data-skip-lazy=\"1\"><img decoding=\"async\" id=\"n2-ss-31item1\" alt=\"Jumbo img punch line startechup nuestro equipo proyecto rese\u00f1as\" class=\"skip-lazy\" width=\"764\" height=\"142\" data-skip-lazy=\"1\" src=\"\/\/www.startechup.com\/wp-content\/uploads\/startechup-jumbo-punch-line-our-team-project-reviews.png\" \/><\/picture><\/div><\/div><div class=\"n2-ss-layer n2-ow n-uc-8yaK1SQfoHwT\" data-pm=\"absolute\" data-responsiveposition=\"1\" data-desktopportraitleft=\"0\" data-mobileportraitleft=\"-187\" data-mobilelandscapeleft=\"-167\" data-desktopportraittop=\"0\" data-mobileportraittop=\"-32\" data-mobilelandscapetop=\"-29\" data-responsivesize=\"1\" data-desktopportraitwidth=\"auto\" data-mobileportraitwidth=\"571\" data-mobilelandscapewidth=\"679\" data-desktopportraitheight=\"auto\" data-mobileportraitheight=\"auto\" data-mobilelandscapeheight=\"290\" data-desktopportraitalign=\"center\" data-mobileportraitalign=\"center\" data-mobilelandscapealign=\"center\" data-desktopportraitvalign=\"middle\" data-mobileportraitvalign=\"middle\" data-mobilelandscapevalign=\"middle\" data-parentid=\"\" data-desktopportraitparentalign=\"center\" data-desktopportraitparentvalign=\"middle\" data-hidedesktoplandscape=\"1\" data-hidedesktopportrait=\"1\" data-hidetabletlandscape=\"1\" data-hidetabletportrait=\"1\" data-sstype=\"layer\"><div class=\"n2-ss-item-image-content n2-ss-item-content n2-ow-all\"><picture class=\"skip-lazy\" data-skip-lazy=\"1\"><img decoding=\"async\" id=\"n2-ss-31item2\" alt=\"Jumbo img punch line startechup nuestro equipo proyecto rese\u00f1as\" class=\"skip-lazy\" width=\"509\" height=\"213\" data-skip-lazy=\"1\" src=\"\/\/www.startechup.com\/wp-content\/uploads\/startechup-jumbo-punch-line-our-clients-corporations-sme.png\" \/><\/picture><\/div><\/div><div class=\"n2-ss-layer n2-ow n-uc-5bmDyoNYK7wg\" data-pm=\"normal\" data-hidemobilelandscape=\"1\" data-hidemobileportrait=\"1\" data-sstype=\"layer\"><div id=\"n2-ss-31item3\" class=\"n2-font-e59d7206a5d1585d1684416b8d00e52b-hover   n2-ss-item-content n2-ss-text n2-ow\" style=\"display:block;\">nos preocupamos por<br>los miembros de nuestro equipo<br>a los clientes<br>el resultado<\/div><\/div><div class=\"n2-ss-layer n2-ow n-uc-kJC0eM6FofaC\" data-pm=\"absolute\" data-responsiveposition=\"1\" data-desktopportraitleft=\"0\" data-mobileportraitleft=\"-42\" data-mobilelandscapeleft=\"-328\" data-desktopportraittop=\"0\" data-mobileportraittop=\"175\" data-mobilelandscapetop=\"142\" data-responsivesize=\"1\" data-desktopportraitwidth=\"auto\" data-mobileportraitwidth=\"861\" data-mobilelandscapewidth=\"auto\" data-desktopportraitheight=\"auto\" data-mobileportraitheight=\"auto\" data-mobilelandscapeheight=\"auto\" data-desktopportraitalign=\"center\" data-mobileportraitalign=\"center\" data-mobilelandscapealign=\"center\" data-desktopportraitvalign=\"middle\" data-mobileportraitvalign=\"middle\" data-mobilelandscapevalign=\"middle\" data-parentid=\"\" data-desktopportraitparentalign=\"center\" data-desktopportraitparentvalign=\"middle\" data-hidedesktoplandscape=\"1\" data-hidedesktopportrait=\"1\" data-hidetabletlandscape=\"1\" data-hidetabletportrait=\"1\" data-sstype=\"layer\"><div id=\"n2-ss-31item4\" class=\"n2-font-e59d7206a5d1585d1684416b8d00e52b-hover   n2-ss-item-content n2-ss-text n2-ow\" style=\"display:block;\">nos importa<\/div><\/div><\/div><\/div><\/div><\/div><\/div>                <\/div>\n                            <\/div>\n        <\/div>\n        <\/div><ss3-loader><\/ss3-loader><\/div><\/div><div class=\"n2_clear\"><\/div><\/div><\/ss3-force-full-width><\/div>","protected":false},"excerpt":{"rendered":"","protected":false},"author":6,"featured_media":0,"parent":73,"menu_order":0,"comment_status":"closed","ping_status":"closed","template":"templates\/template-reviews.php","meta":{"content-type":""},"acf":[],"featured_image_urls_v2":{"full":"","thumbnail":"","medium":"","medium_large":"","large":"","1536x1536":"","2048x2048":"","trp-custom-language-flag":"","post-thumbnail":"","twentytwenty-fullscreen":""},"post_excerpt_stackable_v2":"<p>startechup-jumbo-bckgnd-our-team-client-reviews-porfoliowe care aboutour team membersout clientsthe outcomewe care<\/p>\n","category_list_v2":"","author_info_v2":{"name":"Blesselle Alemana","url":"https:\/\/www.startechup.com\/es\/blog\/author\/balemana\/"},"comments_num_v2":"0 comentarios","yoast_head":"<!-- This site is optimized with the Yoast SEO Premium plugin v20.5 (Yoast SEO v21.8.1) - https:\/\/yoast.com\/wordpress\/plugins\/seo\/ -->\n<title>Hire the right outsourcing partner based their reviews<\/title>\n<meta name=\"description\" content=\"Team review and client testimonials are some important factors to look at when you look to hire an outsourcing partner\" \/>\n<meta name=\"robots\" content=\"index, follow, max-snippet:-1, max-image-preview:large, max-video-preview:-1\" \/>\n<link rel=\"canonical\" href=\"https:\/\/www.startechup.com\/es\/about-startechup\/team-and-client-review\/\" \/>\n<meta property=\"og:locale\" content=\"es_ES\" \/>\n<meta property=\"og:type\" content=\"article\" \/>\n<meta property=\"og:title\" content=\"Team &amp; Client Reviews\" \/>\n<meta property=\"og:description\" content=\"Team review and client testimonials are some important factors to look at when you look to hire an outsourcing partner\" \/>\n<meta property=\"og:url\" content=\"https:\/\/www.startechup.com\/es\/about-startechup\/team-and-client-review\/\" \/>\n<meta property=\"og:site_name\" content=\"Startechup Inc\" \/>\n<meta property=\"article:publisher\" content=\"https:\/\/www.facebook.com\/startechup\/\" \/>\n<meta property=\"article:modified_time\" content=\"2022-10-12T08:08:46+00:00\" \/>\n<meta name=\"twitter:card\" content=\"summary_large_image\" \/>\n<meta name=\"twitter:site\" content=\"@startechup\" \/>\n<meta name=\"twitter:label1\" content=\"Tiempo de lectura\" \/>\n\t<meta name=\"twitter:data1\" content=\"1 minuto\" \/>\n<script type=\"application\/ld+json\" class=\"yoast-schema-graph\">{\"@context\":\"https:\/\/schema.org\",\"@graph\":[{\"@type\":\"WebPage\",\"@id\":\"https:\/\/www.startechup.com\/about-startechup\/team-and-client-review\/\",\"url\":\"https:\/\/www.startechup.com\/about-startechup\/team-and-client-review\/\",\"name\":\"Hire the right outsourcing partner based their reviews\",\"isPartOf\":{\"@id\":\"https:\/\/www.startechup.com\/#website\"},\"datePublished\":\"2020-08-07T06:38:45+00:00\",\"dateModified\":\"2022-10-12T08:08:46+00:00\",\"description\":\"Team review and client testimonials are some important factors to look at when you look to hire an outsourcing partner\",\"breadcrumb\":{\"@id\":\"https:\/\/www.startechup.com\/about-startechup\/team-and-client-review\/#breadcrumb\"},\"inLanguage\":\"es\",\"potentialAction\":[{\"@type\":\"ReadAction\",\"target\":[\"https:\/\/www.startechup.com\/about-startechup\/team-and-client-review\/\"]}]},{\"@type\":\"BreadcrumbList\",\"@id\":\"https:\/\/www.startechup.com\/about-startechup\/team-and-client-review\/#breadcrumb\",\"itemListElement\":[{\"@type\":\"ListItem\",\"position\":1,\"name\":\"Home\",\"item\":\"https:\/\/www.startechup.com\/\"},{\"@type\":\"ListItem\",\"position\":2,\"name\":\"About us\",\"item\":\"https:\/\/www.startechup.com\/about-startechup\/\"},{\"@type\":\"ListItem\",\"position\":3,\"name\":\"Team &#038; Client Reviews\"}]},{\"@type\":\"WebSite\",\"@id\":\"https:\/\/www.startechup.com\/#website\",\"url\":\"https:\/\/www.startechup.com\/\",\"name\":\"Startechup Inc\",\"description\":\"Startechup Inc.\",\"publisher\":{\"@id\":\"https:\/\/www.startechup.com\/#organization\"},\"potentialAction\":[{\"@type\":\"SearchAction\",\"target\":{\"@type\":\"EntryPoint\",\"urlTemplate\":\"https:\/\/www.startechup.com\/?s={search_term_string}\"},\"query-input\":\"required name=search_term_string\"}],\"inLanguage\":\"es\"},{\"@type\":\"Organization\",\"@id\":\"https:\/\/www.startechup.com\/#organization\",\"name\":\"Startechup\",\"url\":\"https:\/\/www.startechup.com\/\",\"logo\":{\"@type\":\"ImageObject\",\"inLanguage\":\"es\",\"@id\":\"https:\/\/www.startechup.com\/#\/schema\/logo\/image\/\",\"url\":\"https:\/\/www.startechup.com\/wp-content\/uploads\/startechup-logo-blue-red-transparent.svg\",\"contentUrl\":\"https:\/\/www.startechup.com\/wp-content\/uploads\/startechup-logo-blue-red-transparent.svg\",\"width\":181,\"height\":28,\"caption\":\"Startechup\"},\"image\":{\"@id\":\"https:\/\/www.startechup.com\/#\/schema\/logo\/image\/\"},\"sameAs\":[\"https:\/\/www.facebook.com\/startechup\/\",\"https:\/\/twitter.com\/startechup\",\"https:\/\/www.linkedin.com\/company\/startechup\",\"https:\/\/www.youtube.com\/channel\/UC_4XR4imvk28kEPt9gyhZ4g\"]}]}<\/script>\n<!-- \/ Yoast SEO Premium plugin. -->","yoast_head_json":{"title":"Contrate un subcontrator adecuado bas\u00e1ndose en sus rese\u00f1as","description":"La revisi\u00f3n del equipo y los testimonios de los clientes son algunos de los factores importantes que hay que tener en cuenta a la hora de contratar a un socio de externalizaci\u00f3n","robots":{"index":"index","follow":"follow","max-snippet":"max-snippet:-1","max-image-preview":"max-image-preview:large","max-video-preview":"max-video-preview:-1"},"canonical":"https:\/\/www.startechup.com\/es\/about-startechup\/team-and-client-review\/","og_locale":"es_ES","og_type":"article","og_title":"Team & Client Reviews","og_description":"Team review and client testimonials are some important factors to look at when you look to hire an outsourcing partner","og_url":"https:\/\/www.startechup.com\/es\/about-startechup\/team-and-client-review\/","og_site_name":"Startechup Inc","article_publisher":"https:\/\/www.facebook.com\/startechup\/","article_modified_time":"2022-10-12T08:08:46+00:00","twitter_card":"summary_large_image","twitter_site":"@startechup","twitter_misc":{"Tiempo de lectura":"1 minuto"},"schema":{"@context":"https:\/\/schema.org","@graph":[{"@type":"WebPage","@id":"https:\/\/www.startechup.com\/about-startechup\/team-and-client-review\/","url":"https:\/\/www.startechup.com\/about-startechup\/team-and-client-review\/","name":"Contrate un subcontrator adecuado bas\u00e1ndose en sus rese\u00f1as","isPartOf":{"@id":"https:\/\/www.startechup.com\/#website"},"datePublished":"2020-08-07T06:38:45+00:00","dateModified":"2022-10-12T08:08:46+00:00","description":"La revisi\u00f3n del equipo y los testimonios de los clientes son algunos de los factores importantes que hay que tener en cuenta a la hora de contratar a un socio de externalizaci\u00f3n","breadcrumb":{"@id":"https:\/\/www.startechup.com\/about-startechup\/team-and-client-review\/#breadcrumb"},"inLanguage":"es","potentialAction":[{"@type":"ReadAction","target":["https:\/\/www.startechup.com\/about-startechup\/team-and-client-review\/"]}]},{"@type":"BreadcrumbList","@id":"https:\/\/www.startechup.com\/about-startechup\/team-and-client-review\/#breadcrumb","itemListElement":[{"@type":"ListItem","position":1,"name":"Home","item":"https:\/\/www.startechup.com\/"},{"@type":"ListItem","position":2,"name":"About us","item":"https:\/\/www.startechup.com\/about-startechup\/"},{"@type":"ListItem","position":3,"name":"Team &#038; Client Reviews"}]},{"@type":"WebSite","@id":"https:\/\/www.startechup.com\/#website","url":"https:\/\/www.startechup.com\/","name":"Startechup Inc.","description":"Startechup Inc.","publisher":{"@id":"https:\/\/www.startechup.com\/#organization"},"potentialAction":[{"@type":"SearchAction","target":{"@type":"EntryPoint","urlTemplate":"https:\/\/www.startechup.com\/?s={search_term_string}"},"query-input":"required name=search_term_string"}],"inLanguage":"es"},{"@type":"Organization","@id":"https:\/\/www.startechup.com\/#organization","name":"Startechup","url":"https:\/\/www.startechup.com\/","logo":{"@type":"ImageObject","inLanguage":"es","@id":"https:\/\/www.startechup.com\/#\/schema\/logo\/image\/","url":"https:\/\/www.startechup.com\/wp-content\/uploads\/startechup-logo-blue-red-transparent.svg","contentUrl":"https:\/\/www.startechup.com\/wp-content\/uploads\/startechup-logo-blue-red-transparent.svg","width":181,"height":28,"caption":"Startechup"},"image":{"@id":"https:\/\/www.startechup.com\/#\/schema\/logo\/image\/"},"sameAs":["https:\/\/www.facebook.com\/startechup\/","https:\/\/twitter.com\/startechup","https:\/\/www.linkedin.com\/company\/startechup","https:\/\/www.youtube.com\/channel\/UC_4XR4imvk28kEPt9gyhZ4g"]}]}},"_links":{"self":[{"href":"https:\/\/www.startechup.com\/es\/wp-json\/wp\/v2\/pages\/2713"}],"collection":[{"href":"https:\/\/www.startechup.com\/es\/wp-json\/wp\/v2\/pages"}],"about":[{"href":"https:\/\/www.startechup.com\/es\/wp-json\/wp\/v2\/types\/page"}],"author":[{"embeddable":true,"href":"https:\/\/www.startechup.com\/es\/wp-json\/wp\/v2\/users\/6"}],"replies":[{"embeddable":true,"href":"https:\/\/www.startechup.com\/es\/wp-json\/wp\/v2\/comments?post=2713"}],"version-history":[{"count":3,"href":"https:\/\/www.startechup.com\/es\/wp-json\/wp\/v2\/pages\/2713\/revisions"}],"predecessor-version":[{"id":10535,"href":"https:\/\/www.startechup.com\/es\/wp-json\/wp\/v2\/pages\/2713\/revisions\/10535"}],"up":[{"embeddable":true,"href":"https:\/\/www.startechup.com\/es\/wp-json\/wp\/v2\/pages\/73"}],"wp:attachment":[{"href":"https:\/\/www.startechup.com\/es\/wp-json\/wp\/v2\/media?parent=2713"}],"curies":[{"name":"wp","href":"https:\/\/api.w.org\/{rel}","templated":true}]}}