{"id":5924,"date":"2021-07-24T19:05:58","date_gmt":"2021-07-24T19:05:58","guid":{"rendered":"https:\/\/www.startechup.com\/?page_id=5924"},"modified":"2022-07-13T11:29:28","modified_gmt":"2022-07-13T11:29:28","slug":"write-for-us","status":"publish","type":"page","link":"https:\/\/www.startechup.com\/es\/old-contact\/write-for-us\/","title":{"rendered":"Escriba para nosotros"},"content":{"rendered":"<h1 class=\"has-text-align-center wp-block-heading\" id=\"h-write-for-us\" style=\"font-size:36px\">Escriba para nosotros<\/h1>\n\n\n\n<p>Somos una empresa de desarrollo de software establecida en Francia, con un centro de desarrollo en Filipinas. Atendemos a clientes de todo el mundo con una fuerte presencia en Francia, Reino Unido, Singapur, Australia y muchos m\u00e1s pa\u00edses.<br>Como empresa l\u00edder en tecnolog\u00eda, desarrollando aplicaciones web y aplicaciones m\u00f3viles, consideraremos muchos temas que interesen a nuestros clientes de startups, a nuestros clientes de empresas SAAS y a todos los dem\u00e1s clientes interesados en temas que les ayuden a crear la mejor soluci\u00f3n digital para su negocio.<\/p>\n\n\n\n<h2 class=\"wp-block-heading\">Aceptamos el env\u00edo de invitados<\/h2>\n\n\n\n<p>Estamos aceptando Guest post de muchos autores que quieran compartir con nuestra audiencia y clientes informaci\u00f3n valiosa para su negocio.<\/p>\n\n\n\n<h2 class=\"wp-block-heading\">Reglas a seguir para su post de invitado<\/h2>\n\n\n\n<p>Su mensaje ser\u00e1 considerado para su publicaci\u00f3n en nuestro sitio web bajo las siguientes condiciones:<\/p>\n\n\n\n<ul><li>El contenido de su art\u00edculo debe ser cualitativo y \u00fanico. Utilizamos herramientas para comprobar constantemente si un contenido en nuestro sitio web est\u00e1 marcado como plagio.<\/li><li>Un art\u00edculo debe tener al menos 1000 palabras. En el caso de los art\u00edculos de m\u00e1s de 4.000 palabras, se realizar\u00e1 un an\u00e1lisis exhaustivo del contenido.<\/li><li>Deben seguirse las mejores pr\u00e1cticas de redacci\u00f3n de contenidos, como la longitud adecuada de los p\u00e1rrafos, el t\u00edtulo y los encabezados apropiados, un buen contenido que no sea discriminatorio ni difamatorio. <\/li><li>Se pueden incluir enlaces en el contenido del blog invitado siempre que aporten valor a los lectores<\/li><\/ul>\n\n\n\n<h2 class=\"wp-block-heading\">Categor\u00eda de entradas de blog que aceptamos<\/h2>\n\n\n\n<ul><li>Desarrollo web - Desarrollo frontend - Desarrollo backend - Desarrollo fullstack<\/li><li>Desarrollo de aplicaciones m\u00f3viles - Aplicaciones nativas - Aplicaciones h\u00edbridas - Aplicaciones PWA...etc.<\/li><li>Servidor - Computaci\u00f3n en la nube - Alojamiento - DevOps...etc.<\/li><li>Dise\u00f1o - Dise\u00f1o web - Dise\u00f1o UI\/UX<\/li><li>Otras tecnolog\u00edas:<ul><li>IA \/ Inteligencia artificial - Aprendizaje autom\u00e1tico - PNL \/ Procesamiento del lenguaje natural...etc.<\/li><li>AR \/ Realidad aumentada - VR \/ Realidad virtual<\/li><\/ul><\/li><li>Temas empresariales:<ul><li>Startup - Producto SAAS - Desarrollo de productos<\/li><li>Marketing digital - Marketing en redes sociales<\/li><li>SEO - Blogging<\/li><\/ul><\/li><\/ul>\n\n\n\n<p>No aceptamos temas para determinados sectores.<\/p>\n\n\n\n<h2 class=\"wp-block-heading\">\u00bfC\u00f3mo enviar su art\u00edculo de blog y su art\u00edculo de invitado?<\/h2>\n\n\n\n<p>Los env\u00edos realizados a trav\u00e9s de los formularios que aparecen a continuaci\u00f3n ser\u00e1n atendidos por nuestro equipo de forma m\u00e1s r\u00e1pida. No obstante, puede enviarnos un correo electr\u00f3nico a media {at} startechup.com<\/p>\n\n\n\n<h2 class=\"wp-block-heading\">\u00bfC\u00f3mo se procede para publicar como invitado?<\/h2>\n\n\n\n<p>Una vez que nuestro equipo apruebe su art\u00edculo como invitado, le pediremos que resuma el art\u00edculo completo en un documento de Word, en un Google Doc o en cualquier forma f\u00e1cil de seguir la disposici\u00f3n de su art\u00edculo.<\/p>\n\n\n\n<p>Todos nuestros art\u00edculos contienen una imagen. La imagen que nos env\u00ede debe estar libre de derechos de autor.<\/p>\n\n\n\n<h2 class=\"wp-block-heading\">\u00bfCu\u00e1les son las ventajas de enviar un post invitado con nosotros?<\/h2>\n\n\n\n<p>Publicamos nuevos art\u00edculos al menos una vez a la semana en nuestro sitio web, con varias docenas de art\u00edculos ya publicados. Nuestro bolet\u00edn, nuestra presencia en las redes sociales y nuestra reputaci\u00f3n han sido excelentes a lo largo de los a\u00f1os, y nuestro objetivo es mantenerlos.<\/p>\n\n\n\n<p>As\u00ed que no te sientas ofendido si una colaboraci\u00f3n para un art\u00edculo invitado no sale adelante por cualquier motivo, pero siempre nos centraremos en la calidad por encima de la cantidad.<\/p>\n\n\n\n<h2 class=\"wp-block-heading\">Rellene el siguiente formulario para enviar su art\u00edculo como invitado <\/h2>\n\n\n\n<script charset=\"utf-8\" type=\"text\/javascript\" src=\"\/\/js-eu1.hsforms.net\/forms\/v2.js\"><\/script>\n<script>\n  hbspt.forms.create({\n    region: \"eu1\",\n    portalId: \"25875905\",\n    formId: \"cac74048-f31a-4fe0-b79a-0dd517785586\"\n  });\n<\/script>\n\n\n\n<h2 class=\"wp-block-heading\" id=\"h-advanced-search-queries-to-find-guest-posting-sites\">Consultas de b\u00fasqueda avanzada para encontrar sitios de publicaci\u00f3n de invitados<\/h2>\n\n\n\n<div class=\"wp-block-columns is-layout-flex wp-container-4\">\n<div class=\"wp-block-column is-layout-flow\">\n<ul><li>La tecnolog\u00eda \"escribe para nosotros\"<\/li><li>Las empresas escriben para nosotros<\/li><li>Blog de tecnolog\u00eda \"escribe para nosotros\"<\/li><li>Tecnolog\u00eda + \"escribe para nosotros\"<\/li><li>\"Escriba para nosotros\" SEO<\/li><li>\"Escribe para nosotros\" Marketing digital<\/li><li>\"Tecnolog\u00eda \"Escribe para nosotros<\/li><li>Blog empresarial \"escribe para nosotros\"<\/li><li>Blog de tecnolog\u00eda \"escribe para nosotros\"<\/li><li>\"Escriba para nosotros\" Tecnolog\u00eda empresarial<\/li><li>Marketing escribe para nosotros<\/li><\/ul>\n<\/div>\n\n\n\n<div class=\"wp-block-column is-layout-flow\">\n<ul><li>Tecnolog\u00eda empresarial + \"escribe para nosotros\"<\/li><li>\"Escriba para nosotros\" Finanzas<\/li><li>\"Seguro \"Escribe para nosotros<\/li><li>\"Marketing digital\" + escribir para nosotros<\/li><li>\"Marketing digital\" + convertirse en colaborador<\/li><li>\"Marketing digital\" + blogs invitados<\/li><li>\"Marketing digital\" + enviar un art\u00edculo<\/li><li>Marketing en redes sociales \"escribe para nosotros\"<\/li><li>SEO + \"escribe para nosotros\"<\/li><li>Los medios sociales \"escriben para nosotros\"<\/li><li>Marketing por correo electr\u00f3nico + \"escribe para nosotros\"<\/li><\/ul>\n<\/div>\n\n\n\n<div class=\"wp-block-column is-layout-flow\">\n<ul><li>SEO + \"se convierte en colaborador\"<\/li><li>El marketing en las redes sociales escribe para nosotros<\/li><li>Marketing de contenidos + \"escribe para nosotros\"<\/li><li>Los blogs de marketing escriben para nosotros<\/li><li>PPC escribe para nosotros<\/li><li>Inteligencia Artificial + \"Escribe para nosotros\"<\/li><li>Ciberseguridad + \"Escriba para nosotros\"<\/li><li>Escribe para nosotros en el blog de tecnolog\u00eda<\/li><li>Software CRM + \"Escriba para nosotros\"<\/li><li>Escribe para nosotros<\/li><li>En el t\u00edtulo: \"escribe para nosotros\"<\/li><\/ul>\n<\/div>\n<\/div>\n\n\n\n<h2 class=\"wp-block-heading\" id=\"h-for-categories-you-can-add-category-names-along-with-this-query\">Para las categor\u00edas, puede a\u00f1adir nombres de categor\u00edas junto con esta consulta.<\/h2>\n\n\n\n<div class=\"wp-block-columns is-layout-flex wp-container-7\">\n<div class=\"wp-block-column is-layout-flow\">\n<ul><li>\"Env\u00ede un art\u00edculo como invitado\"<\/li><li>\"Escribe para nosotros\"<\/li><li>\"Art\u00edculo invitado\"<\/li><li>\"Escritor colaborador\"<\/li><li>\"Quiero escribir para\"<\/li><li>\"Enviar la entrada del blog\"<\/li><li>\"Contribuir a nuestro sitio\"<\/li><li>\"Enviar contenido\"<\/li><\/ul>\n<\/div>\n\n\n\n<div class=\"wp-block-column is-layout-flow\">\n<ul><li>\"Env\u00ede su contenido\"<\/li><li>\"Post de invitado\"<\/li><li>\"Se buscan art\u00edculos de invitados\"<\/li><li>\"Blogger invitado\"<\/li><li>\"Convi\u00e9rtase en bloguero invitado\"<\/li><li>\"Enviar noticias\"<\/li><li>\"Enviar mensaje\"<\/li><\/ul>\n<\/div>\n<\/div>","protected":false},"excerpt":{"rendered":"<p>Write for Us We are an Software development company established in France, with a Development center in the Philippines. We cater customers from all over the World with a strong footprint in France, United Kingdom, Singapore, Australia, and many more countries.As a leading Tech company, developing Web applications &amp; Mobile apps, we will consider a [&hellip;]<\/p>\n","protected":false},"author":3,"featured_media":0,"parent":74,"menu_order":0,"comment_status":"closed","ping_status":"closed","template":"templates\/template-stu.php","meta":{"content-type":""},"acf":[],"featured_image_urls_v2":{"full":"","thumbnail":"","medium":"","medium_large":"","large":"","1536x1536":"","2048x2048":"","trp-custom-language-flag":"","post-thumbnail":"","twentytwenty-fullscreen":""},"post_excerpt_stackable_v2":"<p>Write for Us We are an Software development company established in France, with a Development center in the Philippines. We cater customers from all over the World with a strong footprint in France, United Kingdom, Singapore, Australia, and many more countries.As a leading Tech company, developing Web applications &amp; Mobile apps, we will consider a lot of topics that would interest our Startup clients, our SAAS company clients and all other clients interested in topics to help them create the best digital solution for their business. We accept Guest post We are accepting Guest post from many authors that would&hellip;<\/p>\n","category_list_v2":"","author_info_v2":{"name":"Baptiste Leroux","url":"https:\/\/www.startechup.com\/es\/blog\/author\/bleroux\/"},"comments_num_v2":"0 comentarios","yoast_head":"<!-- This site is optimized with the Yoast SEO Premium plugin v20.5 (Yoast SEO v21.8.1) - https:\/\/yoast.com\/wordpress\/plugins\/seo\/ -->\n<title>Write for Us - Startechup - Software outsourcing company<\/title>\n<meta name=\"description\" content=\"Topics we accept guest post about: Technology, Startup, Web Development, Mobile app development, UI\/UX, business, artificial intelligence..\" \/>\n<meta name=\"robots\" content=\"index, follow, max-snippet:-1, max-image-preview:large, max-video-preview:-1\" \/>\n<link rel=\"canonical\" href=\"https:\/\/www.startechup.com\/es\/old-contact\/write-for-us\/\" \/>\n<meta property=\"og:locale\" content=\"es_ES\" \/>\n<meta property=\"og:type\" content=\"article\" \/>\n<meta property=\"og:title\" content=\"Write for Us\" \/>\n<meta property=\"og:description\" content=\"Topics we accept guest post about: Technology, Startup, Web Development, Mobile app development, UI\/UX, business, artificial intelligence..\" \/>\n<meta property=\"og:url\" content=\"https:\/\/www.startechup.com\/es\/old-contact\/write-for-us\/\" \/>\n<meta property=\"og:site_name\" content=\"Startechup Inc\" \/>\n<meta property=\"article:publisher\" content=\"https:\/\/www.facebook.com\/startechup\/\" \/>\n<meta property=\"article:modified_time\" content=\"2022-07-13T11:29:28+00:00\" \/>\n<meta name=\"twitter:card\" content=\"summary_large_image\" \/>\n<meta name=\"twitter:site\" content=\"@startechup\" \/>\n<meta name=\"twitter:label1\" content=\"Tiempo de lectura\" \/>\n\t<meta name=\"twitter:data1\" content=\"4 minutos\" \/>\n<script type=\"application\/ld+json\" class=\"yoast-schema-graph\">{\"@context\":\"https:\/\/schema.org\",\"@graph\":[{\"@type\":\"WebPage\",\"@id\":\"https:\/\/www.startechup.com\/old-contact\/write-for-us\/\",\"url\":\"https:\/\/www.startechup.com\/old-contact\/write-for-us\/\",\"name\":\"Write for Us - Startechup - Software outsourcing company\",\"isPartOf\":{\"@id\":\"https:\/\/www.startechup.com\/#website\"},\"datePublished\":\"2021-07-24T19:05:58+00:00\",\"dateModified\":\"2022-07-13T11:29:28+00:00\",\"description\":\"Topics we accept guest post about: Technology, Startup, Web Development, Mobile app development, UI\/UX, business, artificial intelligence..\",\"breadcrumb\":{\"@id\":\"https:\/\/www.startechup.com\/old-contact\/write-for-us\/#breadcrumb\"},\"inLanguage\":\"es\",\"potentialAction\":[{\"@type\":\"ReadAction\",\"target\":[\"https:\/\/www.startechup.com\/old-contact\/write-for-us\/\"]}]},{\"@type\":\"BreadcrumbList\",\"@id\":\"https:\/\/www.startechup.com\/old-contact\/write-for-us\/#breadcrumb\",\"itemListElement\":[{\"@type\":\"ListItem\",\"position\":1,\"name\":\"Home\",\"item\":\"https:\/\/www.startechup.com\/\"},{\"@type\":\"ListItem\",\"position\":2,\"name\":\"Contact\",\"item\":\"https:\/\/www.startechup.com\/?page_id=74\"},{\"@type\":\"ListItem\",\"position\":3,\"name\":\"Write for Us\"}]},{\"@type\":\"WebSite\",\"@id\":\"https:\/\/www.startechup.com\/#website\",\"url\":\"https:\/\/www.startechup.com\/\",\"name\":\"Startechup Inc\",\"description\":\"Startechup Inc.\",\"publisher\":{\"@id\":\"https:\/\/www.startechup.com\/#organization\"},\"potentialAction\":[{\"@type\":\"SearchAction\",\"target\":{\"@type\":\"EntryPoint\",\"urlTemplate\":\"https:\/\/www.startechup.com\/?s={search_term_string}\"},\"query-input\":\"required name=search_term_string\"}],\"inLanguage\":\"es\"},{\"@type\":\"Organization\",\"@id\":\"https:\/\/www.startechup.com\/#organization\",\"name\":\"Startechup\",\"url\":\"https:\/\/www.startechup.com\/\",\"logo\":{\"@type\":\"ImageObject\",\"inLanguage\":\"es\",\"@id\":\"https:\/\/www.startechup.com\/#\/schema\/logo\/image\/\",\"url\":\"https:\/\/www.startechup.com\/wp-content\/uploads\/startechup-logo-blue-red-transparent.svg\",\"contentUrl\":\"https:\/\/www.startechup.com\/wp-content\/uploads\/startechup-logo-blue-red-transparent.svg\",\"width\":181,\"height\":28,\"caption\":\"Startechup\"},\"image\":{\"@id\":\"https:\/\/www.startechup.com\/#\/schema\/logo\/image\/\"},\"sameAs\":[\"https:\/\/www.facebook.com\/startechup\/\",\"https:\/\/twitter.com\/startechup\",\"https:\/\/www.linkedin.com\/company\/startechup\",\"https:\/\/www.youtube.com\/channel\/UC_4XR4imvk28kEPt9gyhZ4g\"]}]}<\/script>\n<!-- \/ Yoast SEO Premium plugin. -->","yoast_head_json":{"title":"Escriba para nosotros - Startechup - Empresa de externalizaci\u00f3n de software","description":"Temas sobre los que se aceptan post invitados: Tecnolog\u00eda, Startup, Desarrollo Web, Desarrollo de aplicaciones m\u00f3viles, UI\/UX, negocios, inteligencia artificial..","robots":{"index":"index","follow":"follow","max-snippet":"max-snippet:-1","max-image-preview":"max-image-preview:large","max-video-preview":"max-video-preview:-1"},"canonical":"https:\/\/www.startechup.com\/es\/old-contact\/write-for-us\/","og_locale":"es_ES","og_type":"article","og_title":"Write for Us","og_description":"Topics we accept guest post about: Technology, Startup, Web Development, Mobile app development, UI\/UX, business, artificial intelligence..","og_url":"https:\/\/www.startechup.com\/es\/old-contact\/write-for-us\/","og_site_name":"Startechup Inc","article_publisher":"https:\/\/www.facebook.com\/startechup\/","article_modified_time":"2022-07-13T11:29:28+00:00","twitter_card":"summary_large_image","twitter_site":"@startechup","twitter_misc":{"Tiempo de lectura":"4 minutos"},"schema":{"@context":"https:\/\/schema.org","@graph":[{"@type":"WebPage","@id":"https:\/\/www.startechup.com\/old-contact\/write-for-us\/","url":"https:\/\/www.startechup.com\/old-contact\/write-for-us\/","name":"Escriba para nosotros - Startechup - Empresa de externalizaci\u00f3n de software","isPartOf":{"@id":"https:\/\/www.startechup.com\/#website"},"datePublished":"2021-07-24T19:05:58+00:00","dateModified":"2022-07-13T11:29:28+00:00","description":"Temas sobre los que se aceptan post invitados: Tecnolog\u00eda, Startup, Desarrollo Web, Desarrollo de aplicaciones m\u00f3viles, UI\/UX, negocios, inteligencia artificial..","breadcrumb":{"@id":"https:\/\/www.startechup.com\/old-contact\/write-for-us\/#breadcrumb"},"inLanguage":"es","potentialAction":[{"@type":"ReadAction","target":["https:\/\/www.startechup.com\/old-contact\/write-for-us\/"]}]},{"@type":"BreadcrumbList","@id":"https:\/\/www.startechup.com\/old-contact\/write-for-us\/#breadcrumb","itemListElement":[{"@type":"ListItem","position":1,"name":"Home","item":"https:\/\/www.startechup.com\/"},{"@type":"ListItem","position":2,"name":"Contact","item":"https:\/\/www.startechup.com\/?page_id=74"},{"@type":"ListItem","position":3,"name":"Write for Us"}]},{"@type":"WebSite","@id":"https:\/\/www.startechup.com\/#website","url":"https:\/\/www.startechup.com\/","name":"Startechup Inc.","description":"Startechup Inc.","publisher":{"@id":"https:\/\/www.startechup.com\/#organization"},"potentialAction":[{"@type":"SearchAction","target":{"@type":"EntryPoint","urlTemplate":"https:\/\/www.startechup.com\/?s={search_term_string}"},"query-input":"required name=search_term_string"}],"inLanguage":"es"},{"@type":"Organization","@id":"https:\/\/www.startechup.com\/#organization","name":"Startechup","url":"https:\/\/www.startechup.com\/","logo":{"@type":"ImageObject","inLanguage":"es","@id":"https:\/\/www.startechup.com\/#\/schema\/logo\/image\/","url":"https:\/\/www.startechup.com\/wp-content\/uploads\/startechup-logo-blue-red-transparent.svg","contentUrl":"https:\/\/www.startechup.com\/wp-content\/uploads\/startechup-logo-blue-red-transparent.svg","width":181,"height":28,"caption":"Startechup"},"image":{"@id":"https:\/\/www.startechup.com\/#\/schema\/logo\/image\/"},"sameAs":["https:\/\/www.facebook.com\/startechup\/","https:\/\/twitter.com\/startechup","https:\/\/www.linkedin.com\/company\/startechup","https:\/\/www.youtube.com\/channel\/UC_4XR4imvk28kEPt9gyhZ4g"]}]}},"_links":{"self":[{"href":"https:\/\/www.startechup.com\/es\/wp-json\/wp\/v2\/pages\/5924"}],"collection":[{"href":"https:\/\/www.startechup.com\/es\/wp-json\/wp\/v2\/pages"}],"about":[{"href":"https:\/\/www.startechup.com\/es\/wp-json\/wp\/v2\/types\/page"}],"author":[{"embeddable":true,"href":"https:\/\/www.startechup.com\/es\/wp-json\/wp\/v2\/users\/3"}],"replies":[{"embeddable":true,"href":"https:\/\/www.startechup.com\/es\/wp-json\/wp\/v2\/comments?post=5924"}],"version-history":[{"count":1,"href":"https:\/\/www.startechup.com\/es\/wp-json\/wp\/v2\/pages\/5924\/revisions"}],"predecessor-version":[{"id":8195,"href":"https:\/\/www.startechup.com\/es\/wp-json\/wp\/v2\/pages\/5924\/revisions\/8195"}],"up":[{"embeddable":true,"href":"https:\/\/www.startechup.com\/es\/wp-json\/wp\/v2\/pages\/74"}],"wp:attachment":[{"href":"https:\/\/www.startechup.com\/es\/wp-json\/wp\/v2\/media?parent=5924"}],"curies":[{"name":"wp","href":"https:\/\/api.w.org\/{rel}","templated":true}]}}