{"id":1948,"date":"2020-07-24T07:25:04","date_gmt":"2020-07-24T07:25:04","guid":{"rendered":"https:\/\/www.startechup.com\/?page_id=1948"},"modified":"2021-12-14T04:10:07","modified_gmt":"2021-12-14T04:10:07","slug":"corporations-sme","status":"publish","type":"page","link":"https:\/\/www.startechup.com\/fr\/our-clients\/corporations-sme\/","title":{"rendered":"Entreprises &amp; PME"},"content":{"rendered":"","protected":false},"excerpt":{"rendered":"","protected":false},"author":2,"featured_media":0,"parent":105,"menu_order":5,"comment_status":"closed","ping_status":"closed","template":"templates\/template-sub-clients.php","meta":{"content-type":""},"acf":[],"featured_image_urls_v2":{"full":"","thumbnail":"","medium":"","medium_large":"","large":"","1536x1536":"","2048x2048":"","trp-custom-language-flag":"","post-thumbnail":"","twentytwenty-fullscreen":""},"post_excerpt_stackable_v2":"","category_list_v2":"","author_info_v2":{"name":"Marielle Carnecer","url":"https:\/\/www.startechup.com\/fr\/blog\/author\/mcarnecer\/"},"comments_num_v2":"0 commentaire","yoast_head":"<!-- This site is optimized with the Yoast SEO Premium plugin v20.5 (Yoast SEO v21.8.1) - https:\/\/yoast.com\/wordpress\/plugins\/seo\/ -->\n<title>We deliver outsourcing software development projects to SME clients<\/title>\n<meta name=\"description\" content=\"Startechup delivers custom applications and outsourcing software development projects to our web development clients\" \/>\n<meta name=\"robots\" content=\"index, follow, max-snippet:-1, max-image-preview:large, max-video-preview:-1\" \/>\n<link rel=\"canonical\" href=\"https:\/\/www.startechup.com\/fr\/our-clients\/corporations-sme\/\" \/>\n<meta property=\"og:locale\" content=\"fr_FR\" \/>\n<meta property=\"og:type\" content=\"article\" \/>\n<meta property=\"og:title\" content=\"Corporations &amp; SME\" \/>\n<meta property=\"og:description\" content=\"Startechup delivers custom applications and outsourcing software development projects to our web development clients\" \/>\n<meta property=\"og:url\" content=\"https:\/\/www.startechup.com\/fr\/our-clients\/corporations-sme\/\" \/>\n<meta property=\"og:site_name\" content=\"Startechup Inc\" \/>\n<meta property=\"article:publisher\" content=\"https:\/\/www.facebook.com\/startechup\/\" \/>\n<meta property=\"article:modified_time\" content=\"2021-12-14T04:10:07+00:00\" \/>\n<meta name=\"twitter:card\" content=\"summary_large_image\" \/>\n<meta name=\"twitter:site\" content=\"@startechup\" \/>\n<script type=\"application\/ld+json\" class=\"yoast-schema-graph\">{\"@context\":\"https:\/\/schema.org\",\"@graph\":[{\"@type\":\"WebPage\",\"@id\":\"https:\/\/www.startechup.com\/our-clients\/corporations-sme\/\",\"url\":\"https:\/\/www.startechup.com\/our-clients\/corporations-sme\/\",\"name\":\"We deliver outsourcing software development projects to SME clients\",\"isPartOf\":{\"@id\":\"https:\/\/www.startechup.com\/#website\"},\"datePublished\":\"2020-07-24T07:25:04+00:00\",\"dateModified\":\"2021-12-14T04:10:07+00:00\",\"description\":\"Startechup delivers custom applications and outsourcing software development projects to our web development clients\",\"breadcrumb\":{\"@id\":\"https:\/\/www.startechup.com\/our-clients\/corporations-sme\/#breadcrumb\"},\"inLanguage\":\"fr-FR\",\"potentialAction\":[{\"@type\":\"ReadAction\",\"target\":[\"https:\/\/www.startechup.com\/our-clients\/corporations-sme\/\"]}]},{\"@type\":\"BreadcrumbList\",\"@id\":\"https:\/\/www.startechup.com\/our-clients\/corporations-sme\/#breadcrumb\",\"itemListElement\":[{\"@type\":\"ListItem\",\"position\":1,\"name\":\"Home\",\"item\":\"https:\/\/www.startechup.com\/\"},{\"@type\":\"ListItem\",\"position\":2,\"name\":\"Our Clients\",\"item\":\"https:\/\/www.startechup.com\/our-clients\/\"},{\"@type\":\"ListItem\",\"position\":3,\"name\":\"Corporations &#038; SME\"}]},{\"@type\":\"WebSite\",\"@id\":\"https:\/\/www.startechup.com\/#website\",\"url\":\"https:\/\/www.startechup.com\/\",\"name\":\"Startechup Inc\",\"description\":\"Startechup Inc.\",\"publisher\":{\"@id\":\"https:\/\/www.startechup.com\/#organization\"},\"potentialAction\":[{\"@type\":\"SearchAction\",\"target\":{\"@type\":\"EntryPoint\",\"urlTemplate\":\"https:\/\/www.startechup.com\/?s={search_term_string}\"},\"query-input\":\"required name=search_term_string\"}],\"inLanguage\":\"fr-FR\"},{\"@type\":\"Organization\",\"@id\":\"https:\/\/www.startechup.com\/#organization\",\"name\":\"Startechup\",\"url\":\"https:\/\/www.startechup.com\/\",\"logo\":{\"@type\":\"ImageObject\",\"inLanguage\":\"fr-FR\",\"@id\":\"https:\/\/www.startechup.com\/#\/schema\/logo\/image\/\",\"url\":\"https:\/\/www.startechup.com\/wp-content\/uploads\/startechup-logo-blue-red-transparent.svg\",\"contentUrl\":\"https:\/\/www.startechup.com\/wp-content\/uploads\/startechup-logo-blue-red-transparent.svg\",\"width\":181,\"height\":28,\"caption\":\"Startechup\"},\"image\":{\"@id\":\"https:\/\/www.startechup.com\/#\/schema\/logo\/image\/\"},\"sameAs\":[\"https:\/\/www.facebook.com\/startechup\/\",\"https:\/\/twitter.com\/startechup\",\"https:\/\/www.linkedin.com\/company\/startechup\",\"https:\/\/www.youtube.com\/channel\/UC_4XR4imvk28kEPt9gyhZ4g\"]}]}<\/script>\n<!-- \/ Yoast SEO Premium plugin. -->","yoast_head_json":{"title":"Nous fournissons des projets d'externalisation de d\u00e9veloppement de logiciels \u00e0 des PME clientes.","description":"Startechup fournit des applications personnalis\u00e9es et des projets d'externalisation du d\u00e9veloppement de logiciels \u00e0 ses clients du secteur du d\u00e9veloppement web.","robots":{"index":"index","follow":"follow","max-snippet":"max-snippet:-1","max-image-preview":"max-image-preview:large","max-video-preview":"max-video-preview:-1"},"canonical":"https:\/\/www.startechup.com\/fr\/our-clients\/corporations-sme\/","og_locale":"fr_FR","og_type":"article","og_title":"Corporations & SME","og_description":"Startechup delivers custom applications and outsourcing software development projects to our web development clients","og_url":"https:\/\/www.startechup.com\/fr\/our-clients\/corporations-sme\/","og_site_name":"Startechup Inc","article_publisher":"https:\/\/www.facebook.com\/startechup\/","article_modified_time":"2021-12-14T04:10:07+00:00","twitter_card":"summary_large_image","twitter_site":"@startechup","schema":{"@context":"https:\/\/schema.org","@graph":[{"@type":"WebPage","@id":"https:\/\/www.startechup.com\/our-clients\/corporations-sme\/","url":"https:\/\/www.startechup.com\/our-clients\/corporations-sme\/","name":"Nous fournissons des projets d'externalisation de d\u00e9veloppement de logiciels \u00e0 des PME clientes.","isPartOf":{"@id":"https:\/\/www.startechup.com\/#website"},"datePublished":"2020-07-24T07:25:04+00:00","dateModified":"2021-12-14T04:10:07+00:00","description":"Startechup fournit des applications personnalis\u00e9es et des projets d'externalisation du d\u00e9veloppement de logiciels \u00e0 ses clients du secteur du d\u00e9veloppement web.","breadcrumb":{"@id":"https:\/\/www.startechup.com\/our-clients\/corporations-sme\/#breadcrumb"},"inLanguage":"fr-FR","potentialAction":[{"@type":"ReadAction","target":["https:\/\/www.startechup.com\/our-clients\/corporations-sme\/"]}]},{"@type":"BreadcrumbList","@id":"https:\/\/www.startechup.com\/our-clients\/corporations-sme\/#breadcrumb","itemListElement":[{"@type":"ListItem","position":1,"name":"Home","item":"https:\/\/www.startechup.com\/"},{"@type":"ListItem","position":2,"name":"Our Clients","item":"https:\/\/www.startechup.com\/our-clients\/"},{"@type":"ListItem","position":3,"name":"Corporations &#038; SME"}]},{"@type":"WebSite","@id":"https:\/\/www.startechup.com\/#website","url":"https:\/\/www.startechup.com\/","name":"Startechup Inc","description":"Startechup Inc.","publisher":{"@id":"https:\/\/www.startechup.com\/#organization"},"potentialAction":[{"@type":"SearchAction","target":{"@type":"EntryPoint","urlTemplate":"https:\/\/www.startechup.com\/?s={search_term_string}"},"query-input":"required name=search_term_string"}],"inLanguage":"fr-FR"},{"@type":"Organization","@id":"https:\/\/www.startechup.com\/#organization","name":"Startechup","url":"https:\/\/www.startechup.com\/","logo":{"@type":"ImageObject","inLanguage":"fr-FR","@id":"https:\/\/www.startechup.com\/#\/schema\/logo\/image\/","url":"https:\/\/www.startechup.com\/wp-content\/uploads\/startechup-logo-blue-red-transparent.svg","contentUrl":"https:\/\/www.startechup.com\/wp-content\/uploads\/startechup-logo-blue-red-transparent.svg","width":181,"height":28,"caption":"Startechup"},"image":{"@id":"https:\/\/www.startechup.com\/#\/schema\/logo\/image\/"},"sameAs":["https:\/\/www.facebook.com\/startechup\/","https:\/\/twitter.com\/startechup","https:\/\/www.linkedin.com\/company\/startechup","https:\/\/www.youtube.com\/channel\/UC_4XR4imvk28kEPt9gyhZ4g"]}]}},"_links":{"self":[{"href":"https:\/\/www.startechup.com\/fr\/wp-json\/wp\/v2\/pages\/1948"}],"collection":[{"href":"https:\/\/www.startechup.com\/fr\/wp-json\/wp\/v2\/pages"}],"about":[{"href":"https:\/\/www.startechup.com\/fr\/wp-json\/wp\/v2\/types\/page"}],"author":[{"embeddable":true,"href":"https:\/\/www.startechup.com\/fr\/wp-json\/wp\/v2\/users\/2"}],"replies":[{"embeddable":true,"href":"https:\/\/www.startechup.com\/fr\/wp-json\/wp\/v2\/comments?post=1948"}],"version-history":[{"count":0,"href":"https:\/\/www.startechup.com\/fr\/wp-json\/wp\/v2\/pages\/1948\/revisions"}],"up":[{"embeddable":true,"href":"https:\/\/www.startechup.com\/fr\/wp-json\/wp\/v2\/pages\/105"}],"wp:attachment":[{"href":"https:\/\/www.startechup.com\/fr\/wp-json\/wp\/v2\/media?parent=1948"}],"curies":[{"name":"wp","href":"https:\/\/api.w.org\/{rel}","templated":true}]}}