{"id":2097,"date":"2020-07-27T10:54:55","date_gmt":"2020-07-27T10:54:55","guid":{"rendered":"https:\/\/www.startechup.com\/?page_id=2097"},"modified":"2022-02-14T04:26:22","modified_gmt":"2022-02-14T04:26:22","slug":"career","status":"publish","type":"page","link":"https:\/\/www.startechup.com\/fr\/career\/","title":{"rendered":"Carri\u00e8re \/ Emploi"},"content":{"rendered":"<div class=\"n2_clear\"><ss3-force-full-width data-overflow-x=\"body\" data-horizontal-selector=\"body\"><div class=\"n2-section-smartslider fitvidsignore  n2_clear\" data-ssid=\"32\" tabindex=\"0\" role=\"region\" aria-label=\"Slider\"><div id=\"n2-ss-32-align\" class=\"n2-ss-align\"><div class=\"n2-padding\"><div id=\"n2-ss-32\" data-creator=\"Smart Slider 3\" data-responsive=\"fullwidth\" class=\"n2-ss-slider n2-ow n2-has-hover n2notransition\">\n        <div class=\"n2-ss-slider-1 n2-ow\">\n            <div class=\"n2-ss-slider-2 n2-ow\">\n                <div class=\"n2-ss-slide-backgrounds n2-ow-all\"><div class=\"n2-ss-slide-background\" data-public-id=\"1\" data-mode=\"fill\"><div class=\"n2-ss-slide-background-image\" data-blur=\"0\" data-opacity=\"100\" data-x=\"50\" data-y=\"50\" data-alt=\"Jumbo img startechup career jobs open positions\" data-title=\"\"><picture class=\"skip-lazy\" data-skip-lazy=\"1\"><img decoding=\"async\" src=\"\/\/www.startechup.com\/wp-content\/uploads\/startechup-jumbo-bckgnd-career-jobs2.jpg\" alt=\"Les emplois de carri\u00e8re de Jumbo img startechup ouvrent des postes\" title=\"\" loading=\"lazy\" class=\"skip-lazy\" data-skip-lazy=\"1\"><\/picture><\/div><div data-color=\"RGBA(255,255,255,0)\" style=\"background-color: RGBA(255,255,255,0);\" class=\"n2-ss-slide-background-color\"><\/div><\/div><\/div>                <div class=\"n2-ss-slider-3 n2-ow\">\n                    <svg xmlns=\"http:\/\/www.w3.org\/2000\/svg\" viewbox=\"0 0 1200 600\" data-related-device=\"desktopPortrait\" class=\"n2-ow n2-ss-preserve-size n2-ss-preserve-size--slider n2-ss-slide-limiter\"><\/svg><div data-first=\"1\" data-slide-duration=\"0\" data-id=\"65\" data-slide-public-id=\"1\" data-title=\"startechup-jumbo-bckgnd-career-jobs\" class=\"n2-ss-slide n2-ow  n2-ss-slide-65\"><div role=\"note\" class=\"n2-ss-slide--focus\" tabindex=\"-1\">startechup-jumbo-bckgnd-career-jobs<\/div><div class=\"n2-ss-layers-container n2-ss-slide-limiter n2-ow\"><div class=\"n2-ss-layer n2-ow n-uc-oIIoafAhPY16\" data-sstype=\"slide\" data-pm=\"default\"><div class=\"n2-ss-layer n2-ow n-uc-14d385da522b8\" data-pm=\"default\" data-sstype=\"content\" data-hasbackground=\"0\"><div class=\"n2-ss-section-main-content n2-ss-layer-with-background n2-ss-layer-content n2-ow n-uc-14d385da522b8-inner\"><div class=\"n2-ss-layer n2-ow n-uc-MJ1WOZq32g0j\" data-pm=\"absolute\" data-responsiveposition=\"1\" data-desktopportraitleft=\"0\" data-desktopportraittop=\"-163\" data-responsivesize=\"1\" data-desktopportraitwidth=\"1161\" data-desktopportraitheight=\"auto\" data-desktopportraitalign=\"center\" data-desktopportraitvalign=\"middle\" data-parentid=\"\" data-desktopportraitparentalign=\"center\" data-desktopportraitparentvalign=\"middle\" data-sstype=\"layer\"><div class=\"n2-ss-item-image-content n2-ss-item-content n2-ow-all\"><picture class=\"skip-lazy\" data-skip-lazy=\"1\"><img decoding=\"async\" id=\"n2-ss-32item1\" alt=\"Jumbo img punch line startechup career jobs open positions\" class=\"skip-lazy\" width=\"536\" height=\"134\" data-skip-lazy=\"1\" src=\"\/\/www.startechup.com\/wp-content\/uploads\/startechup-jumbo-punch-line-career-jobs.png\" \/><\/picture><\/div><\/div><\/div><\/div><\/div><\/div><\/div>                <\/div>\n                <div id=\"n2-ss-32-shape-divider-bottom\" class=\"n2-ss-shape-divider n2-ss-shape-divider-bottom\" data-ss-sd-animate=\"0\" data-ss-sd-scroll=\"0\" data-ss-sd-speed=\"100\" data-ss-sd-side=\"bottom\" aria-hidden=\"true\"><div class=\"n2-ss-shape-divider-inner\"><svg xmlns=\"http:\/\/www.w3.org\/2000\/svg\" viewbox=\"0 0 1920 150\" preserveaspectratio=\"none\"> <path fill='RGBA(235,235,235,1)' ease=\"easeOutQuad\" duration=\"1\" d=\"M1920,150L1920,50C1560,160,360,160,0,50L0,152L1920,152z\"><\/path><\/svg><\/div><\/div>            <\/div>\n        <\/div>\n        <\/div><ss3-loader><\/ss3-loader><\/div><\/div><div class=\"n2_clear\"><\/div><\/div><\/ss3-force-full-width><\/div>\n\n<div class=\"container\">\n\t<div class=\"row\">\n\t\t<div class=\"wp-block-media-text is-stacked-on-mobile media-text-onomatopea gradient-bot-border\">\n\t\t  \t<!-- <div class=\"col-md-5\"> -->\n\t\t\t  <figure class=\"wp-block-media-text__media\">\n\t\t\t    <img width=\"300\" height=\"224\" src=\"https:\/\/www.startechup.com\/wp-content\/uploads\/2020\/06\/startechup-media-team-spirit-300x224.jpg\" class=\"m-auto\" alt=\"\" decoding=\"async\" srcset=\"https:\/\/www.startechup.com\/wp-content\/uploads\/2020\/06\/startechup-media-team-spirit-300x224.jpg 300w, https:\/\/www.startechup.com\/wp-content\/uploads\/2020\/06\/startechup-media-team-spirit.jpg 400w\" sizes=\"(max-width: 300px) 100vw, 300px\" \/>\t\t\t    <div class=\"gradient-div\"><\/div>\n\t\t\t  <\/figure>\n\t\t\t<!-- <\/div> -->\n\t\t  \t<div style=\"position: relative;\">\n\t\t\t\t<div class=\"wp-block-media-text__content text-onomatopea\">\n\t\t\t\t    <h2 class=\"title\">FAIRE PARTIE DE NOTRE \u00c9QUIPE INNOVANTE ET PASSIONN\u00c9E<\/h2>\n\t\t\t\t    <p class=\"desc\">Nous sommes attach\u00e9s \u00e0 la sant\u00e9 et au bonheur de nos employ\u00e9s. <br><br> Notre mission est d'offrir un lieu de travail aux ing\u00e9nieurs logiciels talentueux afin qu'ils puissent s'\u00e9panouir, conna\u00eetre une croissance financi\u00e8re ad\u00e9quate et respecter un bon \u00e9quilibre entre vie professionnelle et vie priv\u00e9e. Notre objectif est d'attirer des projets de d\u00e9veloppement de logiciels int\u00e9ressants et de les proposer \u00e0 nos ing\u00e9nieurs en logiciels.<\/p>\n\t\t\t\t<\/div>\n\t\t\t\t<div class=\"custom-onomatopea\">\n\t\t\t\t\t<!-- <img width=\"358\" height=\"310\" src=\"https:\/\/www.startechup.com\/wp-content\/uploads\/startechup-onomatopea-team.svg\" class=\"m-auto\" alt=\"Icon SVG Onomatopea Team\" decoding=\"async\" \/> -->\n\t\t\t\t    <embed type=\"image\/svg+xml\" src=\"https:\/\/www.startechup.com\/wp-content\/uploads\/startechup-onomatopea-team.svg\" alt=\"Icon SVG Onomatopea Team\"\/>\n\t\t\t\t<\/div>\n\t\t\t<\/div>\n\t\t<\/div>\n\t<\/div>\n<\/div>\n\n\n\n\n\n<hr class=\"wp-block-separator\"\/>\n\n\n\n<h2 class=\"text__blue text-center my-4 pt-4\" id=\"h-benefits-of-working-with-us\">LES AVANTAGES DE TRAVAILLER AVEC&nbsp;<span class=\"text__red\">NOUS !<\/span><\/h2>\n\n\n\n<div class=\"wp-block-stackable-columns stk-block-columns stk-block stk-9f8cca1\" data-block-id=\"9f8cca1\"><div class=\"stk-row stk-inner-blocks stk-block-content stk-content-align stk-9f8cca1-column\">\n<div class=\"wp-block-stackable-column stk-block-column stk-column stk-block stk-7ba3e73\" data-block-id=\"7ba3e73\"><style>@media screen and (min-width:768px){.stk-7ba3e73{flex:1 1 25% !important}}<\/style><div class=\"stk-column-wrapper stk-block-column__content stk-container stk-7ba3e73-container stk--no-background stk--no-padding\"><div class=\"stk-block-content stk-inner-blocks\">\n<figure class=\"wp-block-image size-large is-resized benefits-style\"><img decoding=\"async\" src=\"https:\/\/www.startechup.com\/wp-content\/uploads\/startechup-career-competitive-salary-benefits-icon.svg\" alt=\"Ic\u00f4ne SVG Carri\u00e8re Salaire comp\u00e9titif\" class=\"wp-image-2886\" width=\"69\" height=\"93\"\/><figcaption>Salaire<br> Comp\u00e9titif<\/figcaption><\/figure>\n<\/div><\/div><\/div>\n\n\n\n<div class=\"wp-block-stackable-column stk-block-column stk-column stk-block stk-0f05322\" data-block-id=\"0f05322\"><style>@media screen and (min-width:768px){.stk-0f05322{flex:1 1 25% !important}}<\/style><div class=\"stk-column-wrapper stk-block-column__content stk-container stk-0f05322-container stk--no-background stk--no-padding\"><div class=\"stk-block-content stk-inner-blocks\">\n<figure class=\"wp-block-image size-large is-resized benefits-style\"><img decoding=\"async\" src=\"https:\/\/www.startechup.com\/wp-content\/uploads\/startechup-career-great-office-space-icon.svg\" alt=\"Ic\u00f4ne SVG Grand espace de bureau\" class=\"wp-image-2881\" width=\"90\" height=\"81\"\/><figcaption>Des bureaux <br>de standing<\/figcaption><\/figure>\n<\/div><\/div><\/div>\n\n\n\n<div class=\"wp-block-stackable-column stk-block-column stk-column stk-block stk-e970185\" data-block-id=\"e970185\"><style>@media screen and (min-width:768px){.stk-e970185{flex:1 1 25% !important}}<\/style><div class=\"stk-column-wrapper stk-block-column__content stk-container stk-e970185-container stk--no-background stk--no-padding\"><div class=\"stk-block-content stk-inner-blocks\">\n<figure class=\"wp-block-image size-large is-resized benefits-style\"><img decoding=\"async\" src=\"https:\/\/www.startechup.com\/wp-content\/uploads\/startechup-career-company-cuisine-chef-icon.svg\" alt=\"Ic\u00f4ne SVG Chef de cuisine d&#039;entreprise\" class=\"wp-image-2878\" width=\"87\" height=\"76\"\/><figcaption>Repas gratuit <br>Chaque d\u00e9jeuner<\/figcaption><\/figure>\n<\/div><\/div><\/div>\n\n\n\n<div class=\"wp-block-stackable-column stk-block-column stk-column stk-block stk-076981b\" data-block-id=\"076981b\"><style>@media screen and (min-width:768px){.stk-076981b{flex:1 1 25% !important}}<\/style><div class=\"stk-column-wrapper stk-block-column__content stk-container stk-076981b-container stk--no-background stk--no-padding\"><div class=\"stk-block-content stk-inner-blocks\">\n<figure class=\"wp-block-image size-large is-resized benefits-style\"><img decoding=\"async\" src=\"https:\/\/www.startechup.com\/wp-content\/uploads\/startechup-career-constant-learning-icon.svg\" alt=\"Ic\u00f4ne SVG Apprentissage permanent\" class=\"wp-image-2880\" width=\"100\" height=\"78\"\/><figcaption>Apprentissage permanent<\/figcaption><\/figure>\n<\/div><\/div><\/div>\n<\/div><\/div>\n\n\n\n<hr class=\"wp-block-separator\"\/>\n\n\n\n<h2 class=\"text__blue text-center mb-2 mt-5\" id=\"h-benefits-of-working-with-us\">NOUS SOMMES<span class=\"text__red\"> RECRUTONS !<\/span><\/h2>\n\n\n\n<p class=\"has-text-align-center\" style=\"font-size: 18px !important\">Consultez nos postes vacants et postulez d\u00e8s aujourd'hui !<\/p>","protected":false},"excerpt":{"rendered":"<p>AVANTAGES DE TRAVAILLER AVEC NOUS ! NOUS EMBAUCHONS ! Consultez nos offres d'emploi et postulez d\u00e8s aujourd'hui !<\/p>","protected":false},"author":2,"featured_media":0,"parent":0,"menu_order":0,"comment_status":"closed","ping_status":"closed","template":"templates\/template-career.php","meta":{"content-type":""},"acf":[],"featured_image_urls_v2":{"full":"","thumbnail":"","medium":"","medium_large":"","large":"","1536x1536":"","2048x2048":"","trp-custom-language-flag":"","post-thumbnail":"","twentytwenty-fullscreen":""},"post_excerpt_stackable_v2":"<p>startechup-jumbo-bckgnd-career-jobs BE PART OF OUR INNOVATIVE AND PASSIONATE TEAM We\u2019re committed to our employees\u2019 health and happiness. Our mission is to provide a workplace for talented software engineers to thrive, be financially growing adequately, and respect a good work-life balance. Our target is to attract interesting software development projects and bring them to our software engineers. BENEFITS OF WORKING WITH&nbsp;US! Competitive Salary High Standard Office Space Free Meal Every Lunch Constant learning WE&#8217;RE HIRING! Check out our open positions and apply today!<\/p>\n","category_list_v2":"","author_info_v2":{"name":"Marielle Carnecer","url":"https:\/\/www.startechup.com\/fr\/blog\/author\/mcarnecer\/"},"comments_num_v2":"0 commentaire","yoast_head":"<!-- This site is optimized with the Yoast SEO Premium plugin v20.5 (Yoast SEO v21.8.1) - https:\/\/yoast.com\/wordpress\/plugins\/seo\/ -->\n<title>Work with the best Software Engineers in Cebu City - Philippines<\/title>\n<meta name=\"description\" content=\"Startechup looks into hiring the best software engineers to join our awesome team. Great work environment and friendly staff. Benefits await.\" \/>\n<meta name=\"robots\" content=\"index, follow, max-snippet:-1, max-image-preview:large, max-video-preview:-1\" \/>\n<link rel=\"canonical\" href=\"https:\/\/www.startechup.com\/fr\/career\/\" \/>\n<meta property=\"og:locale\" content=\"fr_FR\" \/>\n<meta property=\"og:type\" content=\"article\" \/>\n<meta property=\"og:title\" content=\"Careers \/ Jobs\" \/>\n<meta property=\"og:description\" content=\"Startechup looks into hiring the best software engineers to join our awesome team. Great work environment and friendly staff. Benefits await.\" \/>\n<meta property=\"og:url\" content=\"https:\/\/www.startechup.com\/fr\/career\/\" \/>\n<meta property=\"og:site_name\" content=\"Startechup Inc\" \/>\n<meta property=\"article:publisher\" content=\"https:\/\/www.facebook.com\/startechup\/\" \/>\n<meta property=\"article:modified_time\" content=\"2022-02-14T04:26:22+00:00\" \/>\n<meta property=\"og:image\" content=\"https:\/\/www.startechup.com\/wp-content\/uploads\/startechup-career-competitive-salary-benefits-icon.svg\" \/>\n<meta name=\"twitter:card\" content=\"summary_large_image\" \/>\n<meta name=\"twitter:site\" content=\"@startechup\" \/>\n<meta name=\"twitter:label1\" content=\"Dur\u00e9e de lecture estim\u00e9e\" \/>\n\t<meta name=\"twitter:data1\" content=\"2 minutes\" \/>\n<script type=\"application\/ld+json\" class=\"yoast-schema-graph\">{\"@context\":\"https:\/\/schema.org\",\"@graph\":[{\"@type\":\"WebPage\",\"@id\":\"https:\/\/www.startechup.com\/career\/\",\"url\":\"https:\/\/www.startechup.com\/career\/\",\"name\":\"Work with the best Software Engineers in Cebu City - Philippines\",\"isPartOf\":{\"@id\":\"https:\/\/www.startechup.com\/#website\"},\"datePublished\":\"2020-07-27T10:54:55+00:00\",\"dateModified\":\"2022-02-14T04:26:22+00:00\",\"description\":\"Startechup looks into hiring the best software engineers to join our awesome team. Great work environment and friendly staff. Benefits await.\",\"breadcrumb\":{\"@id\":\"https:\/\/www.startechup.com\/career\/#breadcrumb\"},\"inLanguage\":\"fr-FR\",\"potentialAction\":[{\"@type\":\"ReadAction\",\"target\":[\"https:\/\/www.startechup.com\/career\/\"]}]},{\"@type\":\"BreadcrumbList\",\"@id\":\"https:\/\/www.startechup.com\/career\/#breadcrumb\",\"itemListElement\":[{\"@type\":\"ListItem\",\"position\":1,\"name\":\"Home\",\"item\":\"https:\/\/www.startechup.com\/\"},{\"@type\":\"ListItem\",\"position\":2,\"name\":\"Careers \/ Jobs\"}]},{\"@type\":\"WebSite\",\"@id\":\"https:\/\/www.startechup.com\/#website\",\"url\":\"https:\/\/www.startechup.com\/\",\"name\":\"Startechup Inc\",\"description\":\"Startechup Inc.\",\"publisher\":{\"@id\":\"https:\/\/www.startechup.com\/#organization\"},\"potentialAction\":[{\"@type\":\"SearchAction\",\"target\":{\"@type\":\"EntryPoint\",\"urlTemplate\":\"https:\/\/www.startechup.com\/?s={search_term_string}\"},\"query-input\":\"required name=search_term_string\"}],\"inLanguage\":\"fr-FR\"},{\"@type\":\"Organization\",\"@id\":\"https:\/\/www.startechup.com\/#organization\",\"name\":\"Startechup\",\"url\":\"https:\/\/www.startechup.com\/\",\"logo\":{\"@type\":\"ImageObject\",\"inLanguage\":\"fr-FR\",\"@id\":\"https:\/\/www.startechup.com\/#\/schema\/logo\/image\/\",\"url\":\"https:\/\/www.startechup.com\/wp-content\/uploads\/startechup-logo-blue-red-transparent.svg\",\"contentUrl\":\"https:\/\/www.startechup.com\/wp-content\/uploads\/startechup-logo-blue-red-transparent.svg\",\"width\":181,\"height\":28,\"caption\":\"Startechup\"},\"image\":{\"@id\":\"https:\/\/www.startechup.com\/#\/schema\/logo\/image\/\"},\"sameAs\":[\"https:\/\/www.facebook.com\/startechup\/\",\"https:\/\/twitter.com\/startechup\",\"https:\/\/www.linkedin.com\/company\/startechup\",\"https:\/\/www.youtube.com\/channel\/UC_4XR4imvk28kEPt9gyhZ4g\"]}]}<\/script>\n<!-- \/ Yoast SEO Premium plugin. -->","yoast_head_json":{"title":"Travailler avec les meilleurs ing\u00e9nieurs en logiciels \u00e0 Cebu City - Philippines","description":"Startechup cherche \u00e0 recruter les meilleurs ing\u00e9nieurs en logiciels pour rejoindre notre formidable \u00e9quipe. Un environnement de travail formidable et un personnel sympathique. Des avantages sont \u00e0 venir.","robots":{"index":"index","follow":"follow","max-snippet":"max-snippet:-1","max-image-preview":"max-image-preview:large","max-video-preview":"max-video-preview:-1"},"canonical":"https:\/\/www.startechup.com\/fr\/career\/","og_locale":"fr_FR","og_type":"article","og_title":"Careers \/ Jobs","og_description":"Startechup looks into hiring the best software engineers to join our awesome team. Great work environment and friendly staff. Benefits await.","og_url":"https:\/\/www.startechup.com\/fr\/career\/","og_site_name":"Startechup Inc","article_publisher":"https:\/\/www.facebook.com\/startechup\/","article_modified_time":"2022-02-14T04:26:22+00:00","og_image":[{"url":"https:\/\/www.startechup.com\/wp-content\/uploads\/startechup-career-competitive-salary-benefits-icon.svg"}],"twitter_card":"summary_large_image","twitter_site":"@startechup","twitter_misc":{"Dur\u00e9e de lecture estim\u00e9e":"2 minutes"},"schema":{"@context":"https:\/\/schema.org","@graph":[{"@type":"WebPage","@id":"https:\/\/www.startechup.com\/career\/","url":"https:\/\/www.startechup.com\/career\/","name":"Travailler avec les meilleurs ing\u00e9nieurs en logiciels \u00e0 Cebu City - Philippines","isPartOf":{"@id":"https:\/\/www.startechup.com\/#website"},"datePublished":"2020-07-27T10:54:55+00:00","dateModified":"2022-02-14T04:26:22+00:00","description":"Startechup cherche \u00e0 recruter les meilleurs ing\u00e9nieurs en logiciels pour rejoindre notre formidable \u00e9quipe. Un environnement de travail formidable et un personnel sympathique. Des avantages sont \u00e0 venir.","breadcrumb":{"@id":"https:\/\/www.startechup.com\/career\/#breadcrumb"},"inLanguage":"fr-FR","potentialAction":[{"@type":"ReadAction","target":["https:\/\/www.startechup.com\/career\/"]}]},{"@type":"BreadcrumbList","@id":"https:\/\/www.startechup.com\/career\/#breadcrumb","itemListElement":[{"@type":"ListItem","position":1,"name":"Home","item":"https:\/\/www.startechup.com\/"},{"@type":"ListItem","position":2,"name":"Careers \/ Jobs"}]},{"@type":"WebSite","@id":"https:\/\/www.startechup.com\/#website","url":"https:\/\/www.startechup.com\/","name":"Startechup Inc","description":"Startechup Inc.","publisher":{"@id":"https:\/\/www.startechup.com\/#organization"},"potentialAction":[{"@type":"SearchAction","target":{"@type":"EntryPoint","urlTemplate":"https:\/\/www.startechup.com\/?s={search_term_string}"},"query-input":"required name=search_term_string"}],"inLanguage":"fr-FR"},{"@type":"Organization","@id":"https:\/\/www.startechup.com\/#organization","name":"Startechup","url":"https:\/\/www.startechup.com\/","logo":{"@type":"ImageObject","inLanguage":"fr-FR","@id":"https:\/\/www.startechup.com\/#\/schema\/logo\/image\/","url":"https:\/\/www.startechup.com\/wp-content\/uploads\/startechup-logo-blue-red-transparent.svg","contentUrl":"https:\/\/www.startechup.com\/wp-content\/uploads\/startechup-logo-blue-red-transparent.svg","width":181,"height":28,"caption":"Startechup"},"image":{"@id":"https:\/\/www.startechup.com\/#\/schema\/logo\/image\/"},"sameAs":["https:\/\/www.facebook.com\/startechup\/","https:\/\/twitter.com\/startechup","https:\/\/www.linkedin.com\/company\/startechup","https:\/\/www.youtube.com\/channel\/UC_4XR4imvk28kEPt9gyhZ4g"]}]}},"_links":{"self":[{"href":"https:\/\/www.startechup.com\/fr\/wp-json\/wp\/v2\/pages\/2097"}],"collection":[{"href":"https:\/\/www.startechup.com\/fr\/wp-json\/wp\/v2\/pages"}],"about":[{"href":"https:\/\/www.startechup.com\/fr\/wp-json\/wp\/v2\/types\/page"}],"author":[{"embeddable":true,"href":"https:\/\/www.startechup.com\/fr\/wp-json\/wp\/v2\/users\/2"}],"replies":[{"embeddable":true,"href":"https:\/\/www.startechup.com\/fr\/wp-json\/wp\/v2\/comments?post=2097"}],"version-history":[{"count":0,"href":"https:\/\/www.startechup.com\/fr\/wp-json\/wp\/v2\/pages\/2097\/revisions"}],"wp:attachment":[{"href":"https:\/\/www.startechup.com\/fr\/wp-json\/wp\/v2\/media?parent=2097"}],"curies":[{"name":"wp","href":"https:\/\/api.w.org\/{rel}","templated":true}]}}