{"id":3429,"date":"2020-09-01T09:39:15","date_gmt":"2020-09-01T09:39:15","guid":{"rendered":"https:\/\/www.startechup.com\/?page_id=3429"},"modified":"2023-02-15T16:01:58","modified_gmt":"2023-02-15T16:01:58","slug":"register-event","status":"publish","type":"page","link":"https:\/\/www.startechup.com\/fr\/register-event\/","title":{"rendered":"Enregistrer un \u00e9v\u00e9nement \u00e0 venir"},"content":{"rendered":"<figure class=\"wp-block-image size-large\"><img decoding=\"async\" width=\"1024\" height=\"576\" src=\"https:\/\/www.startechup.com\/wp-content\/uploads\/startechup-jumbo-bckgnd-startechup-academy-reactjs-03-1024x576.jpg\" alt=\"\" class=\"wp-image-3728\" srcset=\"https:\/\/www.startechup.com\/wp-content\/uploads\/startechup-jumbo-bckgnd-startechup-academy-reactjs-03-1024x576.jpg 1024w, https:\/\/www.startechup.com\/wp-content\/uploads\/startechup-jumbo-bckgnd-startechup-academy-reactjs-03-300x169.jpg 300w, https:\/\/www.startechup.com\/wp-content\/uploads\/startechup-jumbo-bckgnd-startechup-academy-reactjs-03-768x432.jpg 768w, https:\/\/www.startechup.com\/wp-content\/uploads\/startechup-jumbo-bckgnd-startechup-academy-reactjs-03-1536x864.jpg 1536w, https:\/\/www.startechup.com\/wp-content\/uploads\/startechup-jumbo-bckgnd-startechup-academy-reactjs-03-1200x675.jpg 1200w, https:\/\/www.startechup.com\/wp-content\/uploads\/startechup-jumbo-bckgnd-startechup-academy-reactjs-03.jpg 1920w\" sizes=\"(max-width: 1024px) 100vw, 1024px\" \/><\/figure>\n\n\n\n<div class=\"wp-block-buttons is-horizontal is-content-justification-center is-layout-flex wp-container-1\"><\/div>\n\n\n\n<div class=\"wpcf7 no-js\" id=\"wpcf7-f3733-o1\" lang=\"en-US\" dir=\"ltr\">\n<div class=\"screen-reader-response\"><p role=\"status\" aria-live=\"polite\" aria-atomic=\"true\"><\/p> <ul><\/ul><\/div>\n<form action=\"\/fr\/wp-json\/wp\/v2\/pages\/3429#wpcf7-f3733-o1\" method=\"post\" class=\"wpcf7-form init\" aria-label=\"Formulaire de contact\" novalidate=\"novalidate\" data-status=\"init\" data-trp-original-action=\"\/fr\/wp-json\/wp\/v2\/pages\/3429#wpcf7-f3733-o1\">\n<div style=\"display: none;\">\n<input type=\"hidden\" name=\"_wpcf7\" value=\"3733\" \/>\n<input type=\"hidden\" name=\"_wpcf7_version\" value=\"5.7.5.1\" \/>\n<input type=\"hidden\" name=\"_wpcf7_locale\" value=\"en_US\" \/>\n<input type=\"hidden\" name=\"_wpcf7_unit_tag\" value=\"wpcf7-f3733-o1\" \/>\n<input type=\"hidden\" name=\"_wpcf7_container_post\" value=\"0\" \/>\n<input type=\"hidden\" name=\"_wpcf7_posted_data_hash\" value=\"\" \/>\n<input type=\"hidden\" name=\"_wpcf7_recaptcha_response\" value=\"\" \/>\n<\/div>\n<p><span id=\"wpcf7-69d6127a32242-wrapper\" class=\"wpcf7-form-control-wrap gender-3733-wrap\" ><label for=\"wpcf7-69d6127a32242-field\" class=\"hp-message\">Veuillez laisser ce champ vide.<\/label><input id=\"wpcf7-69d6127a32242-field\"  class=\"wpcf7-form-control wpcf7-text\" type=\"text\" name=\"gender-3733\" value=\"\" size=\"40\" tabindex=\"-1\" autocomplete=\"new-password\" \/><\/span><br \/>\n<span class=\"wpcf7-form-control-wrap\" data-name=\"first-name\"><input size=\"40\" class=\"wpcf7-form-control wpcf7-text wpcf7-validates-as-required\" aria-required=\"true\" aria-invalid=\"false\" placeholder=\"Pr\u00e9nom\" value=\"\" type=\"text\" name=\"first-name\" \/><\/span>\n<\/p>\n<p><span class=\"wpcf7-form-control-wrap\" data-name=\"last-name\"><input size=\"40\" class=\"wpcf7-form-control wpcf7-text wpcf7-validates-as-required\" aria-required=\"true\" aria-invalid=\"false\" placeholder=\"Nom\" value=\"\" type=\"text\" name=\"last-name\" \/><\/span>\n<\/p>\n<p><span class=\"wpcf7-form-control-wrap\" data-name=\"email\"><input size=\"40\" class=\"wpcf7-form-control wpcf7-text wpcf7-email wpcf7-validates-as-required wpcf7-validates-as-email\" aria-required=\"true\" aria-invalid=\"false\" placeholder=\"Adresse \u00e9lectronique *\" value=\"\" type=\"email\" name=\"email\" \/><\/span>\n<\/p>\n<p><span class=\"wpcf7-form-control-wrap\" data-name=\"github\"><input size=\"40\" class=\"wpcf7-form-control wpcf7-text\" aria-invalid=\"false\" placeholder=\"Profil de Github\" value=\"\" type=\"text\" name=\"github\" \/><\/span>\n<\/p>\n<p>D\u00e9j\u00e0 un d\u00e9veloppeur ?\n<\/p>\n<p><span class=\"wpcf7-form-control-wrap\" data-name=\"dev_yn\"><span class=\"wpcf7-form-control wpcf7-radio\"><span class=\"wpcf7-list-item first\"><input type=\"radio\" name=\"dev_yn\" value=\"Y\" checked=\"checked\" \/><span class=\"wpcf7-list-item-label\">Y<\/span><\/span><span class=\"wpcf7-list-item last\"><input type=\"radio\" name=\"dev_yn\" value=\"N\" \/><span class=\"wpcf7-list-item-label\">N<\/span><\/span><\/span><\/span>\n<\/p>\n<p>Niveau du d\u00e9veloppeur ?\n<\/p>\n<p><span class=\"wpcf7-form-control-wrap\" data-name=\"dev_level\"><span class=\"wpcf7-form-control wpcf7-radio\"><span class=\"wpcf7-list-item first\"><input type=\"radio\" name=\"dev_level\" value=\"Self-made\" checked=\"checked\" \/><span class=\"wpcf7-list-item-label\">Auto-r\u00e9alisation<\/span><\/span><span class=\"wpcf7-list-item\"><input type=\"radio\" name=\"dev_level\" value=\"IT Student\" \/><span class=\"wpcf7-list-item-label\">\u00c9tudiant en informatique<\/span><\/span><span class=\"wpcf7-list-item\"><input type=\"radio\" name=\"dev_level\" value=\"Junior\" \/><span class=\"wpcf7-list-item-label\">Junior<\/span><\/span><span class=\"wpcf7-list-item\"><input type=\"radio\" name=\"dev_level\" value=\"Intermediate\" \/><span class=\"wpcf7-list-item-label\">Interm\u00e9diaire<\/span><\/span><span class=\"wpcf7-list-item last\"><input type=\"radio\" name=\"dev_level\" value=\"Senior\" \/><span class=\"wpcf7-list-item-label\">Senior<\/span><\/span><\/span><\/span>\n<\/p>\n<p><span class=\"wpcf7-form-control-wrap\" data-name=\"privacy-policy\"><span class=\"wpcf7-form-control wpcf7-checkbox wpcf7-validates-as-required\"><span class=\"wpcf7-list-item first last\"><input type=\"checkbox\" name=\"privacy-policy[]\" value=\"I read and accept Startechup&#039;s T&amp;C and Privacy Policy\" \/><span class=\"wpcf7-list-item-label\">J'ai lu et j'accepte les conditions g\u00e9n\u00e9rales et la politique de confidentialit\u00e9<\/span><\/span><\/span><\/span><br \/>\n<span id=\"wpcf7-69d6127a326e0-wrapper\" class=\"wpcf7-form-control-wrap subscription-3733-wrap\" style=\"display:none !important; visibility:hidden !important;\"><label for=\"wpcf7-69d6127a326e0-field\" class=\"hp-message\">Veuillez laisser ce champ vide.<\/label><input id=\"wpcf7-69d6127a326e0-field\"  class=\"wpcf7-form-control wpcf7-text\" type=\"text\" name=\"subscription-3733\" value=\"\" size=\"40\" tabindex=\"-1\" autocomplete=\"new-password\" \/><\/span><br \/>\n<small>* Ne vous inqui\u00e9tez pas, nous d\u00e9testons \u00e9galement le spam et ne partagerons jamais vos coordonn\u00e9es ni ne vous enverrons de courrier ind\u00e9sirable. <\/small><br \/>\n<small>** Ce site est prot\u00e9g\u00e9 par reCAPTCHA et Google <span><a href=\"https:\/\/policies.google.com\/privacy\">Politique de confidentialit\u00e9<\/a><\/span> et <span><a href=\"https:\/\/policies.google.com\/terms\">Conditions de service<\/a><\/span> Postuler<\/small>\n<\/p>\n<p><input class=\"wpcf7-form-control has-spinner wpcf7-submit\" type=\"submit\" value=\"Envoyer Message\" \/>\n<\/p><p style=\"display: none !important;\" class=\"akismet-fields-container\" data-prefix=\"_wpcf7_ak_\"><label>&#916;<textarea name=\"_wpcf7_ak_hp_textarea\" cols=\"45\" rows=\"8\" maxlength=\"100\"><\/textarea><\/label><input type=\"hidden\" id=\"ak_js_1\" name=\"_wpcf7_ak_js\" value=\"9\"\/><script>document.getElementById( \"ak_js_1\" ).setAttribute( \"value\", ( new Date() ).getTime() );<\/script><\/p><div class=\"wpcf7-response-output\" aria-hidden=\"true\"><\/div>\n<input type=\"hidden\" name=\"trp-form-language\" value=\"fr\"\/><\/form>\n<\/div>\n\n\n\n\n<h2 class=\"wp-block-heading\" id=\"h-event-details\">D\u00e9tails de l'\u00e9v\u00e9nement<\/h2>\n\n\n\n<p>Date\/Heure : Jeudi 24 septembre 2020 - 19h \u00e0 22h<br>O\u00f9 : <a href=\"https:\/\/www.facebook.com\/startechup\">Facebook Live<\/a> &#8211; <a href=\"https:\/\/www.youtube.com\/c\/Startechup\">Youtube Live<\/a> &#8211; <a href=\"https:\/\/www.twitch.tv\/startechup_academy\">Twitch Live<\/a><br>Enregistrement : Veuillez remplir le formulaire<\/p>\n\n\n\n<h2 class=\"wp-block-heading\" id=\"h-about-this-course\">\u00c0 propos de ce cours<\/h2>\n\n\n\n<ul>\n<li>Ajouter, afficher, mettre \u00e0 jour les mod\u00e8les d'organisation<\/li>\n\n\n\n<li>Tableau de la liste des utilisateurs<\/li>\n\n\n\n<li>utiliserContext Hook<\/li>\n\n\n\n<li>Routage du tableau de bord de l'administration par type d'utilisateur<\/li>\n\n\n\n<li>Tableau de bord Admin - Tableau des utilisateurs et des organisations<\/li>\n\n\n\n<li>Actions de table - Cr\u00e9er, R\u00e9cup\u00e9rer, Mettre \u00e0 jour, Supprimer<\/li>\n<\/ul>\n\n\n\n<h2 class=\"wp-block-heading\" id=\"h-instructions-for-the-course\">Instructions pour le cours<\/h2>\n\n\n\n<ul>\n<li>Rattrapez notre retard en suivant le cours 01 sur ReactJS\n<ul>\n<li>ReactJS Frontend Development Course 01<\/li>\n\n\n\n<li>ReactJS Frontend Development Course 02<\/li>\n<\/ul>\n<\/li>\n\n\n\n<li>Vous devez faire fonctionner le Backend de NodeJS sur votre ordinateur pour pouvoir construire l'application ReactJS Frontend que nous allons donner\n<ul>\n<li><a href=\"https:\/\/www.startechup.com\/fr\/nodejs-01-backend-development-startechup-academy\/\">D\u00e9veloppement du backend de NodeJS : Cours 01<\/a><\/li>\n\n\n\n<li><a href=\"https:\/\/www.startechup.com\/fr\/nodejs-02-backend-development-startechup-academy\/\">D\u00e9veloppement du backend de NodeJS : Cours 02<\/a><\/li>\n<\/ul>\n<\/li>\n\n\n\n<li>Suivez les instructions du fichier READ.me disponible sur notre d\u00e9p\u00f4t public Github : <a href=\"https:\/\/github.com\/startechup-org\/ngo-directory-frontend\">https:\/\/github.com\/startechup-org\/ngo-directory-frontend<\/a><\/li>\n<\/ul>\n\n\n\n<h2 class=\"wp-block-heading\" id=\"h-about-startechup-academy\">\u00c0 propos de la Startechup Academy<\/h2>\n\n\n\n<p>Vous voulez am\u00e9liorer vos comp\u00e9tences de d\u00e9veloppeur ? Ou encore, apprendre \u00e0 coder ? Ce 1er cours de la Startechup Academy est fait pour vous et il est totalement gratuit !<br>Notre objectif est de former les d\u00e9veloppeurs, les aspirants d\u00e9veloppeurs et les propri\u00e9taires de projets de logiciels. \u00catre d\u00e9veloppeur signifie apprendre constamment, et c'est ce que nous voulons faire, fournir du contenu pour que les gens apprennent.<\/p>","protected":false},"excerpt":{"rendered":"<p>Event details Date\/Time: Thursday 24 Sep 2020 &#8211; 7 to 10PMWhere: Facebook Live &#8211; Youtube Live &#8211; Twitch LiveRegistration: Please fill up the Form About this course Instructions for the course About Startechup Academy You want to improve your developer skills? Or, learn how to code? This 1st course from Startechup Academy is made for [&hellip;]<\/p>\n","protected":false},"author":3,"featured_media":0,"parent":0,"menu_order":0,"comment_status":"closed","ping_status":"closed","template":"templates\/template-stu.php","meta":{"content-type":""},"acf":[],"featured_image_urls_v2":{"full":"","thumbnail":"","medium":"","medium_large":"","large":"","1536x1536":"","2048x2048":"","trp-custom-language-flag":"","post-thumbnail":"","twentytwenty-fullscreen":""},"post_excerpt_stackable_v2":"<p>Please leave this field empty. Already a Developer? YN Developer Level? Self-madeIT StudentJuniorIntermediateSenior I read and accept Startechup&#039;s T&amp;C and Privacy Policy Please leave this field empty. * Don&#8217;t worry, we hate spam too and will never share your details or send you any junk mail. ** This site is protected by reCAPTCHA and the Google Privacy Policy and Terms of Service apply. &#916; Event details Date\/Time: Thursday 24 Sep 2020 &#8211; 7 to 10PMWhere: Facebook Live &#8211; Youtube Live &#8211; Twitch LiveRegistration: Please fill up the Form About this course Add, View, Update Organization Modals User List Table useContext\u2026<\/p>\n","category_list_v2":"","author_info_v2":{"name":"Baptiste Leroux","url":"https:\/\/www.startechup.com\/fr\/blog\/author\/bleroux\/"},"comments_num_v2":"0 commentaire","yoast_head":"<!-- This site is optimized with the Yoast SEO Premium plugin v20.5 (Yoast SEO v21.8.1) - https:\/\/yoast.com\/wordpress\/plugins\/seo\/ -->\n<title>Startechup Academy | Register Event<\/title>\n<meta name=\"description\" content=\"We aim to educate developers, aspiring developers, and project owners to learn the craft of software engineering.\" \/>\n<meta name=\"robots\" content=\"index, follow, max-snippet:-1, max-image-preview:large, max-video-preview:-1\" \/>\n<link rel=\"canonical\" href=\"https:\/\/www.startechup.com\/fr\/register-event\/\" \/>\n<meta property=\"og:locale\" content=\"fr_FR\" \/>\n<meta property=\"og:type\" content=\"article\" \/>\n<meta property=\"og:title\" content=\"Register upcoming Event\" \/>\n<meta property=\"og:description\" content=\"We aim to educate developers, aspiring developers, and project owners to learn the craft of software engineering.\" \/>\n<meta property=\"og:url\" content=\"https:\/\/www.startechup.com\/fr\/register-event\/\" \/>\n<meta property=\"og:site_name\" content=\"Startechup Inc\" \/>\n<meta property=\"article:publisher\" content=\"https:\/\/www.facebook.com\/startechup\/\" \/>\n<meta property=\"article:modified_time\" content=\"2023-02-15T16:01:58+00:00\" \/>\n<meta property=\"og:image\" content=\"https:\/\/www.startechup.com\/wp-content\/uploads\/startechup-jumbo-bckgnd-startechup-academy-reactjs-03-1024x576.jpg\" \/>\n<meta name=\"twitter:card\" content=\"summary_large_image\" \/>\n<meta name=\"twitter:site\" content=\"@startechup\" \/>\n<meta name=\"twitter:label1\" content=\"Dur\u00e9e de lecture estim\u00e9e\" \/>\n\t<meta name=\"twitter:data1\" content=\"2 minutes\" \/>\n<script type=\"application\/ld+json\" class=\"yoast-schema-graph\">{\"@context\":\"https:\/\/schema.org\",\"@graph\":[{\"@type\":\"WebPage\",\"@id\":\"https:\/\/www.startechup.com\/en_au\/register-event\/\",\"url\":\"https:\/\/www.startechup.com\/en_au\/register-event\/\",\"name\":\"Startechup Academy | Register Event\",\"isPartOf\":{\"@id\":\"https:\/\/www.startechup.com\/#website\"},\"datePublished\":\"2020-09-01T09:39:15+00:00\",\"dateModified\":\"2023-02-15T16:01:58+00:00\",\"description\":\"We aim to educate developers, aspiring developers, and project owners to learn the craft of software engineering.\",\"breadcrumb\":{\"@id\":\"https:\/\/www.startechup.com\/en_au\/register-event\/#breadcrumb\"},\"inLanguage\":\"fr-FR\",\"potentialAction\":[{\"@type\":\"ReadAction\",\"target\":[\"https:\/\/www.startechup.com\/en_au\/register-event\/\"]}]},{\"@type\":\"BreadcrumbList\",\"@id\":\"https:\/\/www.startechup.com\/en_au\/register-event\/#breadcrumb\",\"itemListElement\":[{\"@type\":\"ListItem\",\"position\":1,\"name\":\"Home\",\"item\":\"https:\/\/www.startechup.com\/\"},{\"@type\":\"ListItem\",\"position\":2,\"name\":\"Register upcoming Event\"}]},{\"@type\":\"WebSite\",\"@id\":\"https:\/\/www.startechup.com\/#website\",\"url\":\"https:\/\/www.startechup.com\/\",\"name\":\"Startechup Inc\",\"description\":\"Startechup Inc.\",\"publisher\":{\"@id\":\"https:\/\/www.startechup.com\/#organization\"},\"potentialAction\":[{\"@type\":\"SearchAction\",\"target\":{\"@type\":\"EntryPoint\",\"urlTemplate\":\"https:\/\/www.startechup.com\/?s={search_term_string}\"},\"query-input\":\"required name=search_term_string\"}],\"inLanguage\":\"fr-FR\"},{\"@type\":\"Organization\",\"@id\":\"https:\/\/www.startechup.com\/#organization\",\"name\":\"Startechup\",\"url\":\"https:\/\/www.startechup.com\/\",\"logo\":{\"@type\":\"ImageObject\",\"inLanguage\":\"fr-FR\",\"@id\":\"https:\/\/www.startechup.com\/#\/schema\/logo\/image\/\",\"url\":\"https:\/\/www.startechup.com\/wp-content\/uploads\/startechup-logo-blue-red-transparent.svg\",\"contentUrl\":\"https:\/\/www.startechup.com\/wp-content\/uploads\/startechup-logo-blue-red-transparent.svg\",\"width\":181,\"height\":28,\"caption\":\"Startechup\"},\"image\":{\"@id\":\"https:\/\/www.startechup.com\/#\/schema\/logo\/image\/\"},\"sameAs\":[\"https:\/\/www.facebook.com\/startechup\/\",\"https:\/\/twitter.com\/startechup\",\"https:\/\/www.linkedin.com\/company\/startechup\",\"https:\/\/www.youtube.com\/channel\/UC_4XR4imvk28kEPt9gyhZ4g\"]}]}<\/script>\n<!-- \/ Yoast SEO Premium plugin. -->","yoast_head_json":{"title":"Startechup Academy | S'inscrire \u00e0 l'\u00e9v\u00e9nement","description":"Notre objectif est de former les d\u00e9veloppeurs, les aspirants d\u00e9veloppeurs et les propri\u00e9taires de projets \u00e0 l'art du g\u00e9nie logiciel.","robots":{"index":"index","follow":"follow","max-snippet":"max-snippet:-1","max-image-preview":"max-image-preview:large","max-video-preview":"max-video-preview:-1"},"canonical":"https:\/\/www.startechup.com\/fr\/register-event\/","og_locale":"fr_FR","og_type":"article","og_title":"Register upcoming Event","og_description":"We aim to educate developers, aspiring developers, and project owners to learn the craft of software engineering.","og_url":"https:\/\/www.startechup.com\/fr\/register-event\/","og_site_name":"Startechup Inc","article_publisher":"https:\/\/www.facebook.com\/startechup\/","article_modified_time":"2023-02-15T16:01:58+00:00","og_image":[{"url":"https:\/\/www.startechup.com\/wp-content\/uploads\/startechup-jumbo-bckgnd-startechup-academy-reactjs-03-1024x576.jpg"}],"twitter_card":"summary_large_image","twitter_site":"@startechup","twitter_misc":{"Dur\u00e9e de lecture estim\u00e9e":"2 minutes"},"schema":{"@context":"https:\/\/schema.org","@graph":[{"@type":"WebPage","@id":"https:\/\/www.startechup.com\/en_au\/register-event\/","url":"https:\/\/www.startechup.com\/en_au\/register-event\/","name":"Startechup Academy | S'inscrire \u00e0 l'\u00e9v\u00e9nement","isPartOf":{"@id":"https:\/\/www.startechup.com\/#website"},"datePublished":"2020-09-01T09:39:15+00:00","dateModified":"2023-02-15T16:01:58+00:00","description":"Notre objectif est de former les d\u00e9veloppeurs, les aspirants d\u00e9veloppeurs et les propri\u00e9taires de projets \u00e0 l'art du g\u00e9nie logiciel.","breadcrumb":{"@id":"https:\/\/www.startechup.com\/en_au\/register-event\/#breadcrumb"},"inLanguage":"fr-FR","potentialAction":[{"@type":"ReadAction","target":["https:\/\/www.startechup.com\/en_au\/register-event\/"]}]},{"@type":"BreadcrumbList","@id":"https:\/\/www.startechup.com\/en_au\/register-event\/#breadcrumb","itemListElement":[{"@type":"ListItem","position":1,"name":"Home","item":"https:\/\/www.startechup.com\/"},{"@type":"ListItem","position":2,"name":"Register upcoming Event"}]},{"@type":"WebSite","@id":"https:\/\/www.startechup.com\/#website","url":"https:\/\/www.startechup.com\/","name":"Startechup Inc","description":"Startechup Inc.","publisher":{"@id":"https:\/\/www.startechup.com\/#organization"},"potentialAction":[{"@type":"SearchAction","target":{"@type":"EntryPoint","urlTemplate":"https:\/\/www.startechup.com\/?s={search_term_string}"},"query-input":"required name=search_term_string"}],"inLanguage":"fr-FR"},{"@type":"Organization","@id":"https:\/\/www.startechup.com\/#organization","name":"Startechup","url":"https:\/\/www.startechup.com\/","logo":{"@type":"ImageObject","inLanguage":"fr-FR","@id":"https:\/\/www.startechup.com\/#\/schema\/logo\/image\/","url":"https:\/\/www.startechup.com\/wp-content\/uploads\/startechup-logo-blue-red-transparent.svg","contentUrl":"https:\/\/www.startechup.com\/wp-content\/uploads\/startechup-logo-blue-red-transparent.svg","width":181,"height":28,"caption":"Startechup"},"image":{"@id":"https:\/\/www.startechup.com\/#\/schema\/logo\/image\/"},"sameAs":["https:\/\/www.facebook.com\/startechup\/","https:\/\/twitter.com\/startechup","https:\/\/www.linkedin.com\/company\/startechup","https:\/\/www.youtube.com\/channel\/UC_4XR4imvk28kEPt9gyhZ4g"]}]}},"_links":{"self":[{"href":"https:\/\/www.startechup.com\/fr\/wp-json\/wp\/v2\/pages\/3429"}],"collection":[{"href":"https:\/\/www.startechup.com\/fr\/wp-json\/wp\/v2\/pages"}],"about":[{"href":"https:\/\/www.startechup.com\/fr\/wp-json\/wp\/v2\/types\/page"}],"author":[{"embeddable":true,"href":"https:\/\/www.startechup.com\/fr\/wp-json\/wp\/v2\/users\/3"}],"replies":[{"embeddable":true,"href":"https:\/\/www.startechup.com\/fr\/wp-json\/wp\/v2\/comments?post=3429"}],"version-history":[{"count":1,"href":"https:\/\/www.startechup.com\/fr\/wp-json\/wp\/v2\/pages\/3429\/revisions"}],"predecessor-version":[{"id":14607,"href":"https:\/\/www.startechup.com\/fr\/wp-json\/wp\/v2\/pages\/3429\/revisions\/14607"}],"wp:attachment":[{"href":"https:\/\/www.startechup.com\/fr\/wp-json\/wp\/v2\/media?parent=3429"}],"curies":[{"name":"wp","href":"https:\/\/api.w.org\/{rel}","templated":true}]}}