{"id":3489,"date":"2020-09-03T18:24:15","date_gmt":"2020-09-03T18:24:15","guid":{"rendered":"https:\/\/www.startechup.com\/?page_id=3489"},"modified":"2020-09-04T05:38:09","modified_gmt":"2020-09-04T05:38:09","slug":"nodejs-02-backend-development-startechup-academy","status":"publish","type":"page","link":"https:\/\/www.startechup.com\/fr\/nodejs-02-backend-development-startechup-academy\/","title":{"rendered":"NodeJS [02] &#8211; Backend Development &#8211; Startechup Academy"},"content":{"rendered":"\n<div class=\"wp-block-ugb-spacer ugb-spacer ugb-82e3b80 ugb-spacer--v2 ugb-main-block\" id=\"\"><div class=\"ugb-inner-block\"><div class=\"ugb-block-content\"><div class=\"ugb-spacer--inner\"><\/div><\/div><\/div><\/div>\n\n\n\n<div class=\"wp-block-ugb-heading ugb-heading ugb-b8b1f4c ugb-main-block\" id=\"\"><style>.ugb-b8b1f4c .ugb-heading__title{font-size:36px;text-align:center}.ugb-b8b1f4c .ugb-inner-block{text-align:center}<\/style><div class=\"ugb-inner-block\"><div class=\"ugb-block-content\"><h1 class=\"ugb-heading__title\">NodeJS [02] &#8211; Backend Development &#8211; Startechup Academy<\/h1><\/div><\/div><\/div>\n\n\n\n<figure class=\"wp-block-embed-youtube wp-block-embed is-type-video is-provider-youtube wp-embed-aspect-16-9 wp-has-aspect-ratio\"><div class=\"wp-block-embed__wrapper\">\n<iframe loading=\"lazy\" title=\"NodeJS [02] - Backend Development - Startechup Academy\" width=\"580\" height=\"326\" src=\"https:\/\/www.youtube.com\/embed\/qvm-i8xvaMg?feature=oembed\" frameborder=\"0\" allow=\"accelerometer; autoplay; clipboard-write; encrypted-media; gyroscope; picture-in-picture\" allowfullscreen><\/iframe>\n<\/div><\/figure>\n\n\n\n<h2 class=\"wp-block-heading\">Welcome to Startechup Academy!<\/h2>\n\n\n\n<p>You want to improve your developer skills? Or, learn how to code? This 1st course from Startechup Academy is made for you and it\u2019s totally Free !<\/p>\n\n\n\n<h2 class=\"wp-block-heading\">About Startechup Academy<\/h2>\n\n\n\n<p>We aim to educate developers, aspiring developers, and project owners to learn the craft of software engineering. Being a developer means constant learning, and we aim to just do that, provide content for people to learn.<\/p>\n\n\n\n<h2 class=\"wp-block-heading\">About this course<\/h2>\n\n\n\n<p>User Entity API layer<br>Model Relationships (many to many)<br>Encrypting password<br>Authentication Layer<br>Securing APIs with Tokens<\/p>\n\n\n\n<h2 class=\"wp-block-heading\">Event details<\/h2>\n\n\n\n<p>Date\/Time: Thursday 3 Sept 2020 &#8211; 7 to 10PM<br>Where: Facebook Live &#8211; Youtube Live<\/p>\n\n\n\n<h2 class=\"wp-block-heading\">Technical Requirements and Prerequisites:<\/h2>\n\n\n\n<p>&#8211; NodeJS and NPM<br>&#8211; Visual Studio Code<br>&#8211; Postman<br>&#8211; Robo3t<\/p>\n\n\n\n<p>Check out our this project Github page for full instructions:<br><a href=\"https:\/\/github.com\/startechup-org\/ngo-directory\">https:\/\/github.com\/startechup-org\/ngo-directory<\/a> <\/p>\n\n\n\n<p>Relevant Links:<br>&#8211; Startechup Academy Github: <a href=\"https:\/\/github.com\/startechup-org\">https:\/\/github.com\/startechup-org<\/a> <br>&#8211; Our Developer community on Discord: <a href=\"https:\/\/discord.com\/invite\/SfpWf5g\">https:\/\/discord.com\/invite\/SfpWf5g<\/a><br>&#8211; Our Developer community on Facebook: <a href=\"https:\/\/www.facebook.com\/groups\/startechup.academy.\">https:\/\/www.facebook.com\/groups\/startechup.academy<\/a><br>&#8211; Education material provided by Software development agency:<a href=\"https:\/\/www.startechup.com\/\">https:\/\/www.startechup.com\/<\/a><\/p>\n","protected":false},"excerpt":{"rendered":"<p>NodeJS [02] &#8211; Backend Development &#8211; Startechup Academy Welcome to Startechup Academy! You want to improve your developer skills? Or, learn how to code? This 1st course from Startechup Academy is made for you and it\u2019s totally Free ! About Startechup Academy We aim to educate developers, aspiring developers, and project owners to learn the [&hellip;]<\/p>\n","protected":false},"author":3,"featured_media":0,"parent":0,"menu_order":0,"comment_status":"closed","ping_status":"closed","template":"templates\/template-stu.php","meta":{"content-type":""},"acf":[],"featured_image_urls_v2":{"full":"","thumbnail":"","medium":"","medium_large":"","large":"","1536x1536":"","2048x2048":"","trp-custom-language-flag":"","post-thumbnail":"","twentytwenty-fullscreen":""},"post_excerpt_stackable_v2":"<p>NodeJS [02] &#8211; Backend Development &#8211; Startechup Academy Welcome to Startechup Academy! You want to improve your developer skills? Or, learn how to code? This 1st course from Startechup Academy is made for you and it\u2019s totally Free ! About Startechup Academy We aim to educate developers, aspiring developers, and project owners to learn the craft of software engineering. Being a developer means constant learning, and we aim to just do that, provide content for people to learn. About this course User Entity API layerModel Relationships (many to many)Encrypting passwordAuthentication LayerSecuring APIs with Tokens Event details Date\/Time: Thursday 3 Sept\u2026<\/p>\n","category_list_v2":"","author_info_v2":{"name":"Baptiste Leroux","url":"https:\/\/www.startechup.com\/fr\/blog\/author\/bleroux\/"},"comments_num_v2":"0 commentaire","yoast_head":"<!-- This site is optimized with the Yoast SEO Premium plugin v20.5 (Yoast SEO v21.8.1) - https:\/\/yoast.com\/wordpress\/plugins\/seo\/ -->\n<title>NodeJS [02] - Backend Development - Startechup Academy<\/title>\n<meta name=\"description\" content=\"Backend Development with NodeJS | We aim to educate developers and project owners to learn the craft of software engineering.\" \/>\n<meta name=\"robots\" content=\"index, follow, max-snippet:-1, max-image-preview:large, max-video-preview:-1\" \/>\n<link rel=\"canonical\" href=\"https:\/\/www.startechup.com\/fr\/nodejs-02-backend-development-startechup-academy\/\" \/>\n<meta property=\"og:locale\" content=\"fr_FR\" \/>\n<meta property=\"og:type\" content=\"article\" \/>\n<meta property=\"og:title\" content=\"NodeJS [02] - Backend Development - Startechup Academy\" \/>\n<meta property=\"og:description\" content=\"Backend Development with NodeJS | We aim to educate developers and project owners to learn the craft of software engineering.\" \/>\n<meta property=\"og:url\" content=\"https:\/\/www.startechup.com\/fr\/nodejs-02-backend-development-startechup-academy\/\" \/>\n<meta property=\"og:site_name\" content=\"Startechup Inc\" \/>\n<meta property=\"article:publisher\" content=\"https:\/\/www.facebook.com\/startechup\/\" \/>\n<meta property=\"article:modified_time\" content=\"2020-09-04T05:38:09+00:00\" \/>\n<meta name=\"twitter:card\" content=\"summary_large_image\" \/>\n<meta name=\"twitter:site\" content=\"@startechup\" \/>\n<meta name=\"twitter:label1\" content=\"Dur\u00e9e de lecture estim\u00e9e\" \/>\n\t<meta name=\"twitter:data1\" content=\"1 minute\" \/>\n<script type=\"application\/ld+json\" class=\"yoast-schema-graph\">{\"@context\":\"https:\/\/schema.org\",\"@graph\":[{\"@type\":\"WebPage\",\"@id\":\"https:\/\/www.startechup.com\/es\/nodejs-02-backend-development-startechup-academy\/\",\"url\":\"https:\/\/www.startechup.com\/es\/nodejs-02-backend-development-startechup-academy\/\",\"name\":\"NodeJS [02] - Backend Development - Startechup Academy\",\"isPartOf\":{\"@id\":\"https:\/\/www.startechup.com\/#website\"},\"datePublished\":\"2020-09-03T18:24:15+00:00\",\"dateModified\":\"2020-09-04T05:38:09+00:00\",\"description\":\"Backend Development with NodeJS | We aim to educate developers and project owners to learn the craft of software engineering.\",\"breadcrumb\":{\"@id\":\"https:\/\/www.startechup.com\/es\/nodejs-02-backend-development-startechup-academy\/#breadcrumb\"},\"inLanguage\":\"fr-FR\",\"potentialAction\":[{\"@type\":\"ReadAction\",\"target\":[\"https:\/\/www.startechup.com\/es\/nodejs-02-backend-development-startechup-academy\/\"]}]},{\"@type\":\"BreadcrumbList\",\"@id\":\"https:\/\/www.startechup.com\/es\/nodejs-02-backend-development-startechup-academy\/#breadcrumb\",\"itemListElement\":[{\"@type\":\"ListItem\",\"position\":1,\"name\":\"Home\",\"item\":\"https:\/\/www.startechup.com\/\"},{\"@type\":\"ListItem\",\"position\":2,\"name\":\"NodeJS [02] &#8211; Backend Development &#8211; Startechup Academy\"}]},{\"@type\":\"WebSite\",\"@id\":\"https:\/\/www.startechup.com\/#website\",\"url\":\"https:\/\/www.startechup.com\/\",\"name\":\"Startechup Inc\",\"description\":\"Startechup Inc.\",\"publisher\":{\"@id\":\"https:\/\/www.startechup.com\/#organization\"},\"potentialAction\":[{\"@type\":\"SearchAction\",\"target\":{\"@type\":\"EntryPoint\",\"urlTemplate\":\"https:\/\/www.startechup.com\/?s={search_term_string}\"},\"query-input\":\"required name=search_term_string\"}],\"inLanguage\":\"fr-FR\"},{\"@type\":\"Organization\",\"@id\":\"https:\/\/www.startechup.com\/#organization\",\"name\":\"Startechup\",\"url\":\"https:\/\/www.startechup.com\/\",\"logo\":{\"@type\":\"ImageObject\",\"inLanguage\":\"fr-FR\",\"@id\":\"https:\/\/www.startechup.com\/#\/schema\/logo\/image\/\",\"url\":\"https:\/\/www.startechup.com\/wp-content\/uploads\/startechup-logo-blue-red-transparent.svg\",\"contentUrl\":\"https:\/\/www.startechup.com\/wp-content\/uploads\/startechup-logo-blue-red-transparent.svg\",\"width\":181,\"height\":28,\"caption\":\"Startechup\"},\"image\":{\"@id\":\"https:\/\/www.startechup.com\/#\/schema\/logo\/image\/\"},\"sameAs\":[\"https:\/\/www.facebook.com\/startechup\/\",\"https:\/\/twitter.com\/startechup\",\"https:\/\/www.linkedin.com\/company\/startechup\",\"https:\/\/www.youtube.com\/channel\/UC_4XR4imvk28kEPt9gyhZ4g\"]}]}<\/script>\n<!-- \/ Yoast SEO Premium plugin. -->","yoast_head_json":{"title":"NodeJS [02] - Backend Development - Startechup Academy","description":"Le d\u00e9veloppement du backend avec NodeJS | Nous avons pour objectif d'\u00e9duquer les d\u00e9veloppeurs et les propri\u00e9taires de projets \u00e0 apprendre le m\u00e9tier de l'ing\u00e9nierie logicielle.","robots":{"index":"index","follow":"follow","max-snippet":"max-snippet:-1","max-image-preview":"max-image-preview:large","max-video-preview":"max-video-preview:-1"},"canonical":"https:\/\/www.startechup.com\/fr\/nodejs-02-backend-development-startechup-academy\/","og_locale":"fr_FR","og_type":"article","og_title":"NodeJS [02] - Backend Development - Startechup Academy","og_description":"Backend Development with NodeJS | We aim to educate developers and project owners to learn the craft of software engineering.","og_url":"https:\/\/www.startechup.com\/fr\/nodejs-02-backend-development-startechup-academy\/","og_site_name":"Startechup Inc","article_publisher":"https:\/\/www.facebook.com\/startechup\/","article_modified_time":"2020-09-04T05:38:09+00:00","twitter_card":"summary_large_image","twitter_site":"@startechup","twitter_misc":{"Dur\u00e9e de lecture estim\u00e9e":"1 minute"},"schema":{"@context":"https:\/\/schema.org","@graph":[{"@type":"WebPage","@id":"https:\/\/www.startechup.com\/es\/nodejs-02-backend-development-startechup-academy\/","url":"https:\/\/www.startechup.com\/es\/nodejs-02-backend-development-startechup-academy\/","name":"NodeJS [02] - Backend Development - Startechup Academy","isPartOf":{"@id":"https:\/\/www.startechup.com\/#website"},"datePublished":"2020-09-03T18:24:15+00:00","dateModified":"2020-09-04T05:38:09+00:00","description":"Le d\u00e9veloppement du backend avec NodeJS | Nous avons pour objectif d'\u00e9duquer les d\u00e9veloppeurs et les propri\u00e9taires de projets \u00e0 apprendre le m\u00e9tier de l'ing\u00e9nierie logicielle.","breadcrumb":{"@id":"https:\/\/www.startechup.com\/es\/nodejs-02-backend-development-startechup-academy\/#breadcrumb"},"inLanguage":"fr-FR","potentialAction":[{"@type":"ReadAction","target":["https:\/\/www.startechup.com\/es\/nodejs-02-backend-development-startechup-academy\/"]}]},{"@type":"BreadcrumbList","@id":"https:\/\/www.startechup.com\/es\/nodejs-02-backend-development-startechup-academy\/#breadcrumb","itemListElement":[{"@type":"ListItem","position":1,"name":"Home","item":"https:\/\/www.startechup.com\/"},{"@type":"ListItem","position":2,"name":"NodeJS [02] &#8211; Backend Development &#8211; Startechup Academy"}]},{"@type":"WebSite","@id":"https:\/\/www.startechup.com\/#website","url":"https:\/\/www.startechup.com\/","name":"Startechup Inc","description":"Startechup Inc.","publisher":{"@id":"https:\/\/www.startechup.com\/#organization"},"potentialAction":[{"@type":"SearchAction","target":{"@type":"EntryPoint","urlTemplate":"https:\/\/www.startechup.com\/?s={search_term_string}"},"query-input":"required name=search_term_string"}],"inLanguage":"fr-FR"},{"@type":"Organization","@id":"https:\/\/www.startechup.com\/#organization","name":"Startechup","url":"https:\/\/www.startechup.com\/","logo":{"@type":"ImageObject","inLanguage":"fr-FR","@id":"https:\/\/www.startechup.com\/#\/schema\/logo\/image\/","url":"https:\/\/www.startechup.com\/wp-content\/uploads\/startechup-logo-blue-red-transparent.svg","contentUrl":"https:\/\/www.startechup.com\/wp-content\/uploads\/startechup-logo-blue-red-transparent.svg","width":181,"height":28,"caption":"Startechup"},"image":{"@id":"https:\/\/www.startechup.com\/#\/schema\/logo\/image\/"},"sameAs":["https:\/\/www.facebook.com\/startechup\/","https:\/\/twitter.com\/startechup","https:\/\/www.linkedin.com\/company\/startechup","https:\/\/www.youtube.com\/channel\/UC_4XR4imvk28kEPt9gyhZ4g"]}]}},"_links":{"self":[{"href":"https:\/\/www.startechup.com\/fr\/wp-json\/wp\/v2\/pages\/3489"}],"collection":[{"href":"https:\/\/www.startechup.com\/fr\/wp-json\/wp\/v2\/pages"}],"about":[{"href":"https:\/\/www.startechup.com\/fr\/wp-json\/wp\/v2\/types\/page"}],"author":[{"embeddable":true,"href":"https:\/\/www.startechup.com\/fr\/wp-json\/wp\/v2\/users\/3"}],"replies":[{"embeddable":true,"href":"https:\/\/www.startechup.com\/fr\/wp-json\/wp\/v2\/comments?post=3489"}],"version-history":[{"count":0,"href":"https:\/\/www.startechup.com\/fr\/wp-json\/wp\/v2\/pages\/3489\/revisions"}],"wp:attachment":[{"href":"https:\/\/www.startechup.com\/fr\/wp-json\/wp\/v2\/media?parent=3489"}],"curies":[{"name":"wp","href":"https:\/\/api.w.org\/{rel}","templated":true}]}}