{"id":73,"date":"2020-06-15T04:48:33","date_gmt":"2020-06-15T04:48:33","guid":{"rendered":"https:\/\/www.startechup.com\/?page_id=73"},"modified":"2022-11-28T04:22:17","modified_gmt":"2022-11-28T04:22:17","slug":"about-startechup","status":"publish","type":"page","link":"https:\/\/www.startechup.com\/fr\/about-startechup\/","title":{"rendered":"\u00c0 propos de nous"},"content":{"rendered":"<div class=\"container\">\n\t<div class=\"row\">\n\t\t<div class=\"wp-block-media-text is-stacked-on-mobile media-text-onomatopea gradient-bot-border\">\n\t\t  \t<!-- <div class=\"col-md-5\"> -->\n\t\t\t  <figure class=\"wp-block-media-text__media\">\n\t\t\t    <img width=\"300\" height=\"224\" src=\"https:\/\/www.startechup.com\/wp-content\/uploads\/2020\/06\/startechup-media-team-spirit-300x224.jpg\" class=\"m-auto\" alt=\"\" decoding=\"async\" srcset=\"https:\/\/www.startechup.com\/wp-content\/uploads\/2020\/06\/startechup-media-team-spirit-300x224.jpg 300w, https:\/\/www.startechup.com\/wp-content\/uploads\/2020\/06\/startechup-media-team-spirit.jpg 400w\" sizes=\"(max-width: 300px) 100vw, 300px\" \/>\t\t\t    <div class=\"gradient-div\"><\/div>\n\t\t\t  <\/figure>\n\t\t\t<!-- <\/div> -->\n\t\t  \t<div style=\"position: relative;\">\n\t\t\t\t<div class=\"wp-block-media-text__content text-onomatopea\">\n\t\t\t\t    <h2 class=\"title\">Nous sommes bien plus qu'une agence de d\u00e9veloppement externalis\u00e9e<\/h2>\n\t\t\t\t    <p class=\"desc\">Nos valeurs sont orient\u00e9es vers l\u2019humain et l'entraide car nous croyons profond\u00e9ment qu'ensemble et avec la compassion, nous allons plus loin. Nos \u00e9quipes travaillent dur pour la satisfaction de nos clients en mettant en synergie notre expertise en ing\u00e9nierie, gestion de projet, management et tout cela avec le sourire et bien s\u00fbr notre touche de Geeks ! L'honn\u00eatet\u00e9 et la transparence sont la base de notre communication avec vous !<\/p>\n\t\t\t\t<\/div>\n\t\t\t\t<div class=\"custom-onomatopea\">\n\t\t\t\t\t<!-- <img width=\"394\" height=\"327\" src=\"https:\/\/www.startechup.com\/wp-content\/uploads\/startechup-onomatopea-more.svg\" class=\"m-auto\" alt=\"Icon SVG Onomatopea More\" decoding=\"async\" \/> -->\n\t\t\t\t    <embed type=\"image\/svg+xml\" src=\"https:\/\/www.startechup.com\/wp-content\/uploads\/startechup-onomatopea-more.svg\" alt=\"Icon SVG Onomatopea More\"\/>\n\t\t\t\t<\/div>\n\t\t\t<\/div>\n\t\t<\/div>\n\t<\/div>\n<\/div>\n\n\n\n\n\n<hr class=\"wp-block-separator has-css-opacity is-style-default section-line-separator\"\/>\n\n\n\n<h2 class=\"has-text-align-center\" style=\"margin-top: 50px;\">Les avantages du d\u00e9veloppement offshore avec StartechUP<span style=\"color: #E9495D;\">UPS<\/span><\/h2>\n\n\n\n<div class=\"wp-block-ugb-columns ugb-columns ugb-744da6f ugb-columns--design-plain ugb-columns--columns-4 ugb-main-block\"><div class=\"ugb-inner-block\"><div class=\"ugb-block-content\"><div class=\"ugb-columns__item ugb-744da6f-content-wrapper\">\n<div class=\"wp-block-ugb-column ugb-column ugb-1759f9c ugb-column--design-plain ugb-main-block\"><div class=\"ugb-inner-block\"><div class=\"ugb-block-content\"><div class=\"ugb-column__item ugb-1759f9c-column-wrapper\"><div class=\"ugb-column__content-wrapper\">\n<figure class=\"wp-block-image size-large is-resized adv-style\"><img decoding=\"async\" src=\"https:\/\/www.startechup.com\/wp-content\/uploads\/startechup-about-us-advantage-flexibility.svg\" alt=\"Ic\u00f4ne SVG Flexible\" class=\"wp-image-1857\" width=\"77\" height=\"100\"\/><figcaption>Flexibilit\u00e9<\/figcaption><\/figure>\n\n\n\n<p>\u00c9viter les co\u00fbts d'embauche et de formation de nouveaux employ\u00e9s lorsque vous nous confiez un projet particulier.<\/p>\n<\/div><\/div><\/div><\/div><\/div>\n\n\n\n<div class=\"wp-block-ugb-column ugb-column ugb-43ef0db ugb-column--design-plain ugb-main-block\"><div class=\"ugb-inner-block\"><div class=\"ugb-block-content\"><div class=\"ugb-column__item ugb-43ef0db-column-wrapper\"><div class=\"ugb-column__content-wrapper\">\n<figure class=\"wp-block-image size-large adv-style is-resized\"><img decoding=\"async\" width=\"50\" height=\"109\" src=\"https:\/\/www.startechup.com\/wp-content\/uploads\/startechup-about-us-advantage-reduced-cost.svg\" alt=\"Ic\u00f4ne SVG Co\u00fbt r\u00e9duit\" class=\"wp-image-1855\"\/><figcaption>R\u00c9DUIRE LES CO\u00dbTS<\/figcaption><\/figure>\n\n\n\n<p>Notre \u00e9quipe travaille plus rapidement et de mani\u00e8re plus rentable que si elle disposait de d\u00e9veloppeurs en interne.<\/p>\n<\/div><\/div><\/div><\/div><\/div>\n\n\n\n<div class=\"wp-block-ugb-column ugb-column ugb-6ed4576 ugb-column--design-plain ugb-main-block\"><div class=\"ugb-inner-block\"><div class=\"ugb-block-content\"><div class=\"ugb-column__item ugb-6ed4576-column-wrapper\"><div class=\"ugb-column__content-wrapper\">\n<figure class=\"wp-block-image size-large adv-style is-resized\"><img decoding=\"async\" width=\"74\" height=\"90\" src=\"https:\/\/www.startechup.com\/wp-content\/uploads\/startechup-about-us-advantage-tech-savvy.svg\" alt=\"Ic\u00f4ne SVG Tech Savvy\" class=\"wp-image-1856\"\/><figcaption>TECHNOLOGIES<\/figcaption><\/figure>\n\n\n\n<p>Nos d\u00e9veloppeurs sont experts dans diverses technologies de pointe.<\/p>\n<\/div><\/div><\/div><\/div><\/div>\n\n\n\n<div class=\"wp-block-ugb-column ugb-column ugb-9f701dd ugb-column--design-plain ugb-main-block\"><div class=\"ugb-inner-block\"><div class=\"ugb-block-content\"><div class=\"ugb-column__item ugb-9f701dd-column-wrapper\"><div class=\"ugb-column__content-wrapper\">\n<figure class=\"wp-block-image size-large adv-style is-resized\"><img decoding=\"async\" width=\"99\" height=\"100\" src=\"https:\/\/www.startechup.com\/wp-content\/uploads\/startechup-about-us-advantage-fr-management.svg\" alt=\"Ic\u00f4ne SVG Gestion fran\u00e7aise\" class=\"wp-image-1858\"\/><figcaption>GESTION EUROP\u00c9ENNE<\/figcaption><\/figure>\n\n\n\n<p>Notre \u00e9quipe dispose d'un grand nombre de professionnels de la technologie qui offrent des relations commerciales rentables.<\/p>\n<\/div><\/div><\/div><\/div><\/div>\n<\/div><\/div><\/div><\/div>\n\n\n\n<hr class=\"wp-block-separator has-css-opacity is-style-default section-line-separator\"\/>\n\n\n\n<h2 class=\"has-text-align-center\" style=\"margin-top: 35px;\">Vos contacts<\/h2>\n\n\n\n<div class=\"wp-block-columns is-layout-flex wp-container-3\">\n<div class=\"wp-block-column is-layout-flow\"><div class=\"point-of-contact mb-5\">\r\n    <div class=\"photo\" style=\"background-image: url(https:\/\/www.startechup.com\/wp-content\/uploads\/2020\/06\/startechup-baptiste-leroux-ceo-cto-founder.jpeg);\">\r\n    <\/div>\r\n    <div class=\"poc-wrapper\">\r\n        <div class=\"fullname\">\r\n            <p class=\"firstname\">Baptiste<\/p>\r\n            <p class=\"lastname\">Leroux<\/p>\r\n        <\/div>\r\n        <p class=\"position\">Fondateur \/ PDG<\/p>\r\n        <div class=\"linkedin-icon\" style=\"float: right; margin-top: -47px;\">\r\n\t\t\t\t<a href=\"https:\/\/www.linkedin.com\/in\/baptiste-leroux-550662a\/\" aria-label=\"Lien vers LinkedIn\"> \r\n                <svg width=\"24\" height=\"24\" viewbox=\"0 0 24 24\" version=\"1.1\" xmlns=\"http:\/\/www.w3.org\/2000\/svg\" role=\"img\" aria-hidden=\"true\" focusable=\"false\">\r\n                    <path fill=\"#ffffff\" d=\"M19.7,3H4.3C3.582,3,3,3.582,3,4.3v15.4C3,20.418,3.582,21,4.3,21h15.4c0.718,0,1.3-0.582,1.3-1.3V4.3 C21,3.582,20.418,3,19.7,3z M8.339,18.338H5.667v-8.59h2.672V18.338z M7.004,8.574c-0.857,0-1.549-0.694-1.549-1.548 c0-0.855,0.691-1.548,1.549-1.548c0.854,0,1.547,0.694,1.547,1.548C8.551,7.881,7.858,8.574,7.004,8.574z M18.339,18.338h-2.669 v-4.177c0-0.996-0.017-2.278-1.387-2.278c-1.389,0-1.601,1.086-1.601,2.206v4.249h-2.667v-8.59h2.559v1.174h0.037 c0.356-0.675,1.227-1.387,2.526-1.387c2.703,0,3.203,1.779,3.203,4.092V18.338z\"><\/path>\r\n                <\/svg>\r\n            <\/a>\r\n\t\t<\/div>\r\n    <\/div>\r\n<\/div>\n\n\n<p><\/p>\n<\/div>\n\n\n\n<div class=\"wp-block-column is-layout-flow\"><div class=\"point-of-contact mb-5\">\r\n    <div class=\"photo\" style=\"background-image: url(https:\/\/www.startechup.com\/wp-content\/uploads\/startechup-ryanwabe-operations-manager-new.jpg);\">\r\n    <\/div>\r\n    <div class=\"poc-wrapper\">\r\n        <div class=\"fullname\">\r\n            <p class=\"firstname\">Ryan<\/p>\r\n            <p class=\"lastname\">Wabe<\/p>\r\n        <\/div>\r\n        <p class=\"position\">Directeur des op\u00e9rations<\/p>\r\n        <div class=\"linkedin-icon\" style=\"float: right; margin-top: -47px;\">\r\n\t\t\t\t<a href=\"https:\/\/www.linkedin.com\/in\/ryan-wabe-9b369b170\/\" aria-label=\"Lien vers LinkedIn\"> \r\n                <svg width=\"24\" height=\"24\" viewbox=\"0 0 24 24\" version=\"1.1\" xmlns=\"http:\/\/www.w3.org\/2000\/svg\" role=\"img\" aria-hidden=\"true\" focusable=\"false\">\r\n                    <path fill=\"#ffffff\" d=\"M19.7,3H4.3C3.582,3,3,3.582,3,4.3v15.4C3,20.418,3.582,21,4.3,21h15.4c0.718,0,1.3-0.582,1.3-1.3V4.3 C21,3.582,20.418,3,19.7,3z M8.339,18.338H5.667v-8.59h2.672V18.338z M7.004,8.574c-0.857,0-1.549-0.694-1.549-1.548 c0-0.855,0.691-1.548,1.549-1.548c0.854,0,1.547,0.694,1.547,1.548C8.551,7.881,7.858,8.574,7.004,8.574z M18.339,18.338h-2.669 v-4.177c0-0.996-0.017-2.278-1.387-2.278c-1.389,0-1.601,1.086-1.601,2.206v4.249h-2.667v-8.59h2.559v1.174h0.037 c0.356-0.675,1.227-1.387,2.526-1.387c2.703,0,3.203,1.779,3.203,4.092V18.338z\"><\/path>\r\n                <\/svg>\r\n            <\/a>\r\n\t\t<\/div>\r\n    <\/div>\r\n<\/div>\n\n\n<p><\/p>\n<\/div>\n<\/div>","protected":false},"excerpt":{"rendered":"<p>The advantages of Offshore development with StartechUP Avoid the costs of hiring and training new employees when you outsource a particular project to us Our team works faster and more cost-effective than having an in-house developers Our developers have expertise in various cutting-edge technologies Our team has a big pool of tech professionals that offers [&hellip;]<\/p>\n","protected":false},"author":3,"featured_media":0,"parent":0,"menu_order":0,"comment_status":"closed","ping_status":"closed","template":"templates\/template-stu-with-silder.php","meta":{"content-type":""},"acf":[],"featured_image_urls_v2":{"full":"","thumbnail":"","medium":"","medium_large":"","large":"","1536x1536":"","2048x2048":"","trp-custom-language-flag":"","post-thumbnail":"","twentytwenty-fullscreen":""},"post_excerpt_stackable_v2":"<p>We are more than an outsourcing development agency Our values are oriented towards people and mutual aid because we deeply believe that in togetherness, alongside kindness, we can go even further. Our teams work hard for the satisfaction of our customers by synergizing their expertise in engineering, project management and design. And, we do all of it with a smile, and of course with a touch of Geekiness! Honesty and transparency are the basis of our communication with you. The advantages of Offshore development with StartechUP FLEXIBILITY Avoid the costs of hiring and training new employees when you outsource a\u2026<\/p>\n","category_list_v2":"","author_info_v2":{"name":"Baptiste Leroux","url":"https:\/\/www.startechup.com\/fr\/blog\/author\/bleroux\/"},"comments_num_v2":"0 commentaire","yoast_head":"<!-- This site is optimized with the Yoast SEO Premium plugin v20.5 (Yoast SEO v21.8.1) - https:\/\/yoast.com\/wordpress\/plugins\/seo\/ -->\n<title>Leading offshore software development team- StarTechUP<\/title>\n<meta name=\"description\" content=\"Outsourcing development agency - Our offshore software development team dedicated in providing the best offshore development service\" \/>\n<meta name=\"robots\" content=\"index, follow, max-snippet:-1, max-image-preview:large, max-video-preview:-1\" \/>\n<link rel=\"canonical\" href=\"https:\/\/www.startechup.com\/fr\/about-startechup\/\" \/>\n<meta property=\"og:locale\" content=\"fr_FR\" \/>\n<meta property=\"og:type\" content=\"article\" \/>\n<meta property=\"og:title\" content=\"About us\" \/>\n<meta property=\"og:description\" content=\"Outsourcing development agency - Our offshore software development team dedicated in providing the best offshore development service\" \/>\n<meta property=\"og:url\" content=\"https:\/\/www.startechup.com\/fr\/about-startechup\/\" \/>\n<meta property=\"og:site_name\" content=\"Startechup Inc\" \/>\n<meta property=\"article:publisher\" content=\"https:\/\/www.facebook.com\/startechup\/\" \/>\n<meta property=\"article:modified_time\" content=\"2022-11-28T04:22:17+00:00\" \/>\n<meta property=\"og:image\" content=\"https:\/\/www.startechup.com\/wp-content\/uploads\/featured-image-startechup_about-us_minimized.jpg\" \/>\n\t<meta property=\"og:image:width\" content=\"1201\" \/>\n\t<meta property=\"og:image:height\" content=\"629\" \/>\n\t<meta property=\"og:image:type\" content=\"image\/jpeg\" \/>\n<meta name=\"twitter:card\" content=\"summary_large_image\" \/>\n<meta name=\"twitter:site\" content=\"@startechup\" \/>\n<meta name=\"twitter:label1\" content=\"Dur\u00e9e de lecture estim\u00e9e\" \/>\n\t<meta name=\"twitter:data1\" content=\"2 minutes\" \/>\n<script type=\"application\/ld+json\" class=\"yoast-schema-graph\">{\"@context\":\"https:\/\/schema.org\",\"@graph\":[{\"@type\":\"WebPage\",\"@id\":\"https:\/\/www.startechup.com\/about-startechup\/\",\"url\":\"https:\/\/www.startechup.com\/about-startechup\/\",\"name\":\"Leading offshore software development team- StarTechUP\",\"isPartOf\":{\"@id\":\"https:\/\/www.startechup.com\/#website\"},\"datePublished\":\"2020-06-15T04:48:33+00:00\",\"dateModified\":\"2022-11-28T04:22:17+00:00\",\"description\":\"Outsourcing development agency - Our offshore software development team dedicated in providing the best offshore development service\",\"breadcrumb\":{\"@id\":\"https:\/\/www.startechup.com\/about-startechup\/#breadcrumb\"},\"inLanguage\":\"fr-FR\",\"potentialAction\":[{\"@type\":\"ReadAction\",\"target\":[\"https:\/\/www.startechup.com\/about-startechup\/\"]}]},{\"@type\":\"BreadcrumbList\",\"@id\":\"https:\/\/www.startechup.com\/about-startechup\/#breadcrumb\",\"itemListElement\":[{\"@type\":\"ListItem\",\"position\":1,\"name\":\"Home\",\"item\":\"https:\/\/www.startechup.com\/\"},{\"@type\":\"ListItem\",\"position\":2,\"name\":\"About us\"}]},{\"@type\":\"WebSite\",\"@id\":\"https:\/\/www.startechup.com\/#website\",\"url\":\"https:\/\/www.startechup.com\/\",\"name\":\"Startechup Inc\",\"description\":\"Startechup Inc.\",\"publisher\":{\"@id\":\"https:\/\/www.startechup.com\/#organization\"},\"potentialAction\":[{\"@type\":\"SearchAction\",\"target\":{\"@type\":\"EntryPoint\",\"urlTemplate\":\"https:\/\/www.startechup.com\/?s={search_term_string}\"},\"query-input\":\"required name=search_term_string\"}],\"inLanguage\":\"fr-FR\"},{\"@type\":\"Organization\",\"@id\":\"https:\/\/www.startechup.com\/#organization\",\"name\":\"Startechup\",\"url\":\"https:\/\/www.startechup.com\/\",\"logo\":{\"@type\":\"ImageObject\",\"inLanguage\":\"fr-FR\",\"@id\":\"https:\/\/www.startechup.com\/#\/schema\/logo\/image\/\",\"url\":\"https:\/\/www.startechup.com\/wp-content\/uploads\/startechup-logo-blue-red-transparent.svg\",\"contentUrl\":\"https:\/\/www.startechup.com\/wp-content\/uploads\/startechup-logo-blue-red-transparent.svg\",\"width\":181,\"height\":28,\"caption\":\"Startechup\"},\"image\":{\"@id\":\"https:\/\/www.startechup.com\/#\/schema\/logo\/image\/\"},\"sameAs\":[\"https:\/\/www.facebook.com\/startechup\/\",\"https:\/\/twitter.com\/startechup\",\"https:\/\/www.linkedin.com\/company\/startechup\",\"https:\/\/www.youtube.com\/channel\/UC_4XR4imvk28kEPt9gyhZ4g\"]}]}<\/script>\n<!-- \/ Yoast SEO Premium plugin. -->","yoast_head_json":{"title":"Diriger une \u00e9quipe de d\u00e9veloppement de logiciels offshore - StarTechUP","description":"Agence de d\u00e9veloppement externalis\u00e9e - Notre \u00e9quipe de d\u00e9veloppement de logiciels offshore se consacre \u00e0 fournir le meilleur service de d\u00e9veloppement offshore.","robots":{"index":"index","follow":"follow","max-snippet":"max-snippet:-1","max-image-preview":"max-image-preview:large","max-video-preview":"max-video-preview:-1"},"canonical":"https:\/\/www.startechup.com\/fr\/about-startechup\/","og_locale":"fr_FR","og_type":"article","og_title":"About us","og_description":"Outsourcing development agency - Our offshore software development team dedicated in providing the best offshore development service","og_url":"https:\/\/www.startechup.com\/fr\/about-startechup\/","og_site_name":"Startechup Inc","article_publisher":"https:\/\/www.facebook.com\/startechup\/","article_modified_time":"2022-11-28T04:22:17+00:00","og_image":[{"width":1201,"height":629,"url":"https:\/\/www.startechup.com\/wp-content\/uploads\/featured-image-startechup_about-us_minimized.jpg","type":"image\/jpeg"}],"twitter_card":"summary_large_image","twitter_site":"@startechup","twitter_misc":{"Dur\u00e9e de lecture estim\u00e9e":"2 minutes"},"schema":{"@context":"https:\/\/schema.org","@graph":[{"@type":"WebPage","@id":"https:\/\/www.startechup.com\/about-startechup\/","url":"https:\/\/www.startechup.com\/about-startechup\/","name":"Diriger une \u00e9quipe de d\u00e9veloppement de logiciels offshore - StarTechUP","isPartOf":{"@id":"https:\/\/www.startechup.com\/#website"},"datePublished":"2020-06-15T04:48:33+00:00","dateModified":"2022-11-28T04:22:17+00:00","description":"Agence de d\u00e9veloppement externalis\u00e9e - Notre \u00e9quipe de d\u00e9veloppement de logiciels offshore se consacre \u00e0 fournir le meilleur service de d\u00e9veloppement offshore.","breadcrumb":{"@id":"https:\/\/www.startechup.com\/about-startechup\/#breadcrumb"},"inLanguage":"fr-FR","potentialAction":[{"@type":"ReadAction","target":["https:\/\/www.startechup.com\/about-startechup\/"]}]},{"@type":"BreadcrumbList","@id":"https:\/\/www.startechup.com\/about-startechup\/#breadcrumb","itemListElement":[{"@type":"ListItem","position":1,"name":"Home","item":"https:\/\/www.startechup.com\/"},{"@type":"ListItem","position":2,"name":"About us"}]},{"@type":"WebSite","@id":"https:\/\/www.startechup.com\/#website","url":"https:\/\/www.startechup.com\/","name":"Startechup Inc","description":"Startechup Inc.","publisher":{"@id":"https:\/\/www.startechup.com\/#organization"},"potentialAction":[{"@type":"SearchAction","target":{"@type":"EntryPoint","urlTemplate":"https:\/\/www.startechup.com\/?s={search_term_string}"},"query-input":"required name=search_term_string"}],"inLanguage":"fr-FR"},{"@type":"Organization","@id":"https:\/\/www.startechup.com\/#organization","name":"Startechup","url":"https:\/\/www.startechup.com\/","logo":{"@type":"ImageObject","inLanguage":"fr-FR","@id":"https:\/\/www.startechup.com\/#\/schema\/logo\/image\/","url":"https:\/\/www.startechup.com\/wp-content\/uploads\/startechup-logo-blue-red-transparent.svg","contentUrl":"https:\/\/www.startechup.com\/wp-content\/uploads\/startechup-logo-blue-red-transparent.svg","width":181,"height":28,"caption":"Startechup"},"image":{"@id":"https:\/\/www.startechup.com\/#\/schema\/logo\/image\/"},"sameAs":["https:\/\/www.facebook.com\/startechup\/","https:\/\/twitter.com\/startechup","https:\/\/www.linkedin.com\/company\/startechup","https:\/\/www.youtube.com\/channel\/UC_4XR4imvk28kEPt9gyhZ4g"]}]}},"_links":{"self":[{"href":"https:\/\/www.startechup.com\/fr\/wp-json\/wp\/v2\/pages\/73"}],"collection":[{"href":"https:\/\/www.startechup.com\/fr\/wp-json\/wp\/v2\/pages"}],"about":[{"href":"https:\/\/www.startechup.com\/fr\/wp-json\/wp\/v2\/types\/page"}],"author":[{"embeddable":true,"href":"https:\/\/www.startechup.com\/fr\/wp-json\/wp\/v2\/users\/3"}],"replies":[{"embeddable":true,"href":"https:\/\/www.startechup.com\/fr\/wp-json\/wp\/v2\/comments?post=73"}],"version-history":[{"count":15,"href":"https:\/\/www.startechup.com\/fr\/wp-json\/wp\/v2\/pages\/73\/revisions"}],"predecessor-version":[{"id":12154,"href":"https:\/\/www.startechup.com\/fr\/wp-json\/wp\/v2\/pages\/73\/revisions\/12154"}],"wp:attachment":[{"href":"https:\/\/www.startechup.com\/fr\/wp-json\/wp\/v2\/media?parent=73"}],"curies":[{"name":"wp","href":"https:\/\/api.w.org\/{rel}","templated":true}]}}